{"id":222,"date":"2020-02-06T10:56:38","date_gmt":"2020-02-06T13:56:38","guid":{"rendered":"http:\/\/acrj2020.profissional.ws\/?page_id=222"},"modified":"2026-02-23T12:06:41","modified_gmt":"2026-02-23T15:06:41","slug":"governanca-e-compliance","status":"publish","type":"page","link":"https:\/\/acrj.org.br\/index.php\/governanca-e-compliance\/","title":{"rendered":"CONSELHO EMPRESARIAL DE GOVERNAN\u00c7A, COMPLIANCE E DIVERSIDADE"},"content":{"rendered":"\t\t<div data-elementor-type=\"wp-page\" data-elementor-id=\"222\" class=\"elementor elementor-222\" data-elementor-post-type=\"page\">\n\t\t\t\t\t\t<section class=\"elementor-section elementor-top-section elementor-element elementor-element-5a6aa076 elementor-section-boxed elementor-section-height-default elementor-section-height-default\" data-id=\"5a6aa076\" data-element_type=\"section\" data-e-type=\"section\">\n\t\t\t\t\t\t<div class=\"elementor-container elementor-column-gap-default\">\n\t\t\t\t\t<div class=\"elementor-column elementor-col-100 elementor-top-column elementor-element elementor-element-45bf0562\" data-id=\"45bf0562\" data-element_type=\"column\" data-e-type=\"column\">\n\t\t\t<div class=\"elementor-widget-wrap elementor-element-populated\">\n\t\t\t\t\t\t<div class=\"elementor-element elementor-element-54d8aa73 elementor-widget elementor-widget-text-editor\" data-id=\"54d8aa73\" data-element_type=\"widget\" data-e-type=\"widget\" data-widget_type=\"text-editor.default\">\n\t\t\t\t<div class=\"elementor-widget-container\">\n\t\t\t\t\t\t\t\t\t\n<p>Tem como objetivos incentivar, desenvolver e reconhecer as melhores pr\u00e1ticas de governan\u00e7a e os melhores programas de compliance no meio empresarial, atrav\u00e9s do apoio \u00e0s iniciativas empreendedoras das empresas do setor.<\/p>\n\t\t\t\t\t\t\t\t<\/div>\n\t\t\t\t<\/div>\n\t\t\t\t\t<\/div>\n\t\t<\/div>\n\t\t\t\t\t<\/div>\n\t\t<\/section>\n\t\t\t\t<section class=\"elementor-section elementor-top-section elementor-element elementor-element-2a96884 elementor-section-boxed elementor-section-height-default elementor-section-height-default\" data-id=\"2a96884\" data-element_type=\"section\" data-e-type=\"section\">\n\t\t\t\t\t\t<div class=\"elementor-container elementor-column-gap-default\">\n\t\t\t\t\t<div class=\"elementor-column elementor-col-33 elementor-top-column elementor-element elementor-element-f983fef\" data-id=\"f983fef\" data-element_type=\"column\" data-e-type=\"column\">\n\t\t\t<div class=\"elementor-widget-wrap\">\n\t\t\t\t\t\t\t<\/div>\n\t\t<\/div>\n\t\t\t\t<div class=\"elementor-column elementor-col-33 elementor-top-column elementor-element elementor-element-9c20309\" data-id=\"9c20309\" data-element_type=\"column\" data-e-type=\"column\">\n\t\t\t<div class=\"elementor-widget-wrap elementor-element-populated\">\n\t\t\t\t\t\t<div class=\"elementor-element elementor-element-57034a6 elementor-widget__width-initial elementor-widget elementor-widget-image\" data-id=\"57034a6\" data-element_type=\"widget\" data-e-type=\"widget\" data-widget_type=\"image.default\">\n\t\t\t\t<div class=\"elementor-widget-container\">\n\t\t\t\t\t\t\t\t\t\t\t\t\t\t\t<img decoding=\"async\" src=\"https:\/\/acrj.org.br\/wp-content\/uploads\/elementor\/thumbs\/Humberto-Mota_Filho-raly3ktsugask0r9abup2fp2f20w79h1ssg36zo18g.png\" title=\"Humberto Mota_Filho\" alt=\"Humberto Mota_Filho\" loading=\"lazy\" \/>\t\t\t\t\t\t\t\t\t\t\t\t\t\t\t<\/div>\n\t\t\t\t<\/div>\n\t\t\t\t<div class=\"elementor-element elementor-element-8882f08 elementor-widget__width-initial elementor-absolute elementor-widget elementor-widget-image\" data-id=\"8882f08\" data-element_type=\"widget\" data-e-type=\"widget\" data-settings=\"{&quot;_position&quot;:&quot;absolute&quot;}\" data-widget_type=\"image.default\">\n\t\t\t\t<div class=\"elementor-widget-container\">\n\t\t\t\t\t\t\t\t\t\t\t\t\t\t\t<img decoding=\"async\" width=\"94\" height=\"245\" src=\"https:\/\/acrj.org.br\/wp-content\/uploads\/2020\/02\/firula1_conselho.png\" class=\"attachment-medium size-medium wp-image-268\" alt=\"\" \/>\t\t\t\t\t\t\t\t\t\t\t\t\t\t\t<\/div>\n\t\t\t\t<\/div>\n\t\t\t\t<div class=\"elementor-element elementor-element-c8fd122 elementor-absolute conselhos elementor-widget elementor-widget-text-editor\" data-id=\"c8fd122\" data-element_type=\"widget\" data-e-type=\"widget\" data-settings=\"{&quot;_position&quot;:&quot;absolute&quot;}\" data-widget_type=\"text-editor.default\">\n\t\t\t\t<div class=\"elementor-widget-container\">\n\t\t\t\t\t\t\t\t\t<h2>HUMBERTO MOTA FILHO<\/h2>\n<p>PRESIDENTE<\/p>\t\t\t\t\t\t\t\t<\/div>\n\t\t\t\t<\/div>\n\t\t\t\t<div class=\"elementor-element elementor-element-d721e12 elementor-widget elementor-widget-spacer\" data-id=\"d721e12\" data-element_type=\"widget\" data-e-type=\"widget\" data-widget_type=\"spacer.default\">\n\t\t\t\t<div class=\"elementor-widget-container\">\n\t\t\t\t\t\t\t<div class=\"elementor-spacer\">\n\t\t\t<div class=\"elementor-spacer-inner\"><\/div>\n\t\t<\/div>\n\t\t\t\t\t\t<\/div>\n\t\t\t\t<\/div>\n\t\t\t\t\t<\/div>\n\t\t<\/div>\n\t\t\t\t<div class=\"elementor-column elementor-col-33 elementor-top-column elementor-element elementor-element-4cc1d2a\" data-id=\"4cc1d2a\" data-element_type=\"column\" data-e-type=\"column\">\n\t\t\t<div class=\"elementor-widget-wrap\">\n\t\t\t\t\t\t\t<\/div>\n\t\t<\/div>\n\t\t\t\t\t<\/div>\n\t\t<\/section>\n\t\t\t\t<section class=\"elementor-section elementor-top-section elementor-element elementor-element-2954f53 elementor-section-boxed elementor-section-height-default elementor-section-height-default\" data-id=\"2954f53\" data-element_type=\"section\" data-e-type=\"section\">\n\t\t\t\t\t\t<div class=\"elementor-container elementor-column-gap-default\">\n\t\t\t\t\t<div class=\"elementor-column elementor-col-100 elementor-top-column elementor-element elementor-element-9d63cd9\" data-id=\"9d63cd9\" data-element_type=\"column\" data-e-type=\"column\">\n\t\t\t<div class=\"elementor-widget-wrap elementor-element-populated\">\n\t\t\t\t\t\t<div class=\"elementor-element elementor-element-372dd74 elementor-widget elementor-widget-heading\" data-id=\"372dd74\" data-element_type=\"widget\" data-e-type=\"widget\" data-widget_type=\"heading.default\">\n\t\t\t\t<div class=\"elementor-widget-container\">\n\t\t\t\t\t<h2 class=\"elementor-heading-title elementor-size-default\">MEMBROS DO CONSELHO<\/h2>\t\t\t\t<\/div>\n\t\t\t\t<\/div>\n\t\t\t\t<div class=\"elementor-element elementor-element-45191c4 membros elementor-widget elementor-widget-text-editor\" data-id=\"45191c4\" data-element_type=\"widget\" data-e-type=\"widget\" data-widget_type=\"text-editor.default\">\n\t\t\t\t<div class=\"elementor-widget-container\">\n\t\t\t\t\t\t\t\t\t<p>Alexandre Mezavilla Ponce<\/p>\n<p>Alice Maria Saldanha<\/p>\n<p>Anamar Miranda Lacerda Tamborindeguy<\/p>\n<p>C\u00e2ndida Diana Terra<\/p>\n<p>Claudia Lacerda<\/p>\n<p>Corintho de Arruda Falc\u00e3o Neto<\/p>\n<p>Cristiana Aguiar<\/p>\n<p>Daniela Alves Portugal Duque Estrada<\/p>\n<p>Elen Marques Souto La Croix<\/p>\n<p>Gilson Freitas de Souza<\/p>\n<p>Gisela Pimenta Gadelha Dantas<\/p>\n<p>Jos\u00e9 Ronaldo de Paula Freitas Rocha<\/p>\n<p>Josely Mercier dos Santos Cabral<\/p>\n<p>Marcela Lima Rocha<\/p>\n<p>Marcio Cintra da Luz<\/p>\n<p>Maria Luiza Cavalcante Lima<\/p>\n<p>Marianno de Azeredo Santos Filho<\/p>\n<p>Mayara Sant Anna<\/p>\n<p>Nicola Moreira Miccione<\/p>\n<p>Patricia Charpentier<\/p>\n<p>Paula Magalh\u00e3es<\/p>\n<p>Renato Cirne<\/p>\n<p>Roberto Duque Estrada de Sousa<\/p>\n<p>Rodrigo da Costa Evangelho<\/p>\n<p>Sheila Mayra Lustoza de Souza Lovatti<\/p>\n<p>Ulisses Martins<\/p>\n<p>Vitor Ferreira Alves de Brito<\/p>\n<p>Vivianne de Carvalho Magalh\u00e3es Rodrigues<\/p>\n<p>Ylana Miller Schechner<\/p>\t\t\t\t\t\t\t\t<\/div>\n\t\t\t\t<\/div>\n\t\t\t\t\t<\/div>\n\t\t<\/div>\n\t\t\t\t\t<\/div>\n\t\t<\/section>\n\t\t\t\t<\/div>\n\t\t","protected":false},"excerpt":{"rendered":"<p>Tem como objetivos incentivar, desenvolver e reconhecer as melhores pr\u00e1ticas de governan\u00e7a e os melhores programas de compliance no meio empresarial, atrav\u00e9s do apoio \u00e0s&hellip;<\/p>\n","protected":false},"author":9,"featured_media":0,"parent":0,"menu_order":0,"comment_status":"closed","ping_status":"closed","template":"","meta":{"_exactmetrics_skip_tracking":false,"_exactmetrics_sitenote_active":false,"_exactmetrics_sitenote_note":"","_exactmetrics_sitenote_category":0,"footnotes":""},"class_list":["post-222","page","type-page","status-publish","hentry"],"_links":{"self":[{"href":"https:\/\/acrj.org.br\/index.php\/wp-json\/wp\/v2\/pages\/222","targetHints":{"allow":["GET"]}}],"collection":[{"href":"https:\/\/acrj.org.br\/index.php\/wp-json\/wp\/v2\/pages"}],"about":[{"href":"https:\/\/acrj.org.br\/index.php\/wp-json\/wp\/v2\/types\/page"}],"author":[{"embeddable":true,"href":"https:\/\/acrj.org.br\/index.php\/wp-json\/wp\/v2\/users\/9"}],"replies":[{"embeddable":true,"href":"https:\/\/acrj.org.br\/index.php\/wp-json\/wp\/v2\/comments?post=222"}],"version-history":[{"count":12,"href":"https:\/\/acrj.org.br\/index.php\/wp-json\/wp\/v2\/pages\/222\/revisions"}],"predecessor-version":[{"id":41742,"href":"https:\/\/acrj.org.br\/index.php\/wp-json\/wp\/v2\/pages\/222\/revisions\/41742"}],"wp:attachment":[{"href":"https:\/\/acrj.org.br\/index.php\/wp-json\/wp\/v2\/media?parent=222"}],"curies":[{"name":"wp","href":"https:\/\/api.w.org\/{rel}","templated":true}]}}