{"id":218,"date":"2020-02-06T10:55:05","date_gmt":"2020-02-06T13:55:05","guid":{"rendered":"http:\/\/acrj2020.profissional.ws\/?page_id=218"},"modified":"2026-01-24T09:58:59","modified_gmt":"2026-01-24T12:58:59","slug":"energia","status":"publish","type":"page","link":"https:\/\/acrj.org.br\/index.php\/energia\/","title":{"rendered":"CONSELHO EMPRESARIAL DE ENERGIA E TRANSI\u00c7\u00c3O ENERG\u00c9TICA"},"content":{"rendered":"\t\t<div data-elementor-type=\"wp-page\" data-elementor-id=\"218\" class=\"elementor elementor-218\" data-elementor-post-type=\"page\">\n\t\t\t\t\t\t<section class=\"elementor-section elementor-top-section elementor-element elementor-element-bf52ed9 elementor-section-boxed elementor-section-height-default elementor-section-height-default\" data-id=\"bf52ed9\" data-element_type=\"section\" data-e-type=\"section\">\n\t\t\t\t\t\t<div class=\"elementor-container elementor-column-gap-default\">\n\t\t\t\t\t<div class=\"elementor-column elementor-col-100 elementor-top-column elementor-element elementor-element-4eb1498c\" data-id=\"4eb1498c\" data-element_type=\"column\" data-e-type=\"column\">\n\t\t\t<div class=\"elementor-widget-wrap elementor-element-populated\">\n\t\t\t\t\t\t<div class=\"elementor-element elementor-element-362e502 elementor-widget elementor-widget-text-editor\" data-id=\"362e502\" data-element_type=\"widget\" data-e-type=\"widget\" data-widget_type=\"text-editor.default\">\n\t\t\t\t<div class=\"elementor-widget-container\">\n\t\t\t\t\t\t\t\t\t<p>Tem como objetivos discutir estrategicamente e propor solu\u00e7\u00f5es para quest\u00f5es cruciais relacionadas a Energias Limpas, Efici\u00eancia Energ\u00e9tica, Mobilidade Sustent\u00e1vel e Infraestrutura de Distribui\u00e7\u00e3o, sempre com foco no crescimento econ\u00f4mico do Rio de Janeiro e buscando um equil\u00edbrio entre o progresso e a prote\u00e7\u00e3o ao meio ambiente.<\/p>\t\t\t\t\t\t\t\t<\/div>\n\t\t\t\t<\/div>\n\t\t\t\t\t<\/div>\n\t\t<\/div>\n\t\t\t\t\t<\/div>\n\t\t<\/section>\n\t\t\t\t<section class=\"elementor-section elementor-top-section elementor-element elementor-element-0b61ea2 elementor-section-boxed elementor-section-height-default elementor-section-height-default\" data-id=\"0b61ea2\" data-element_type=\"section\" data-e-type=\"section\">\n\t\t\t\t\t\t<div class=\"elementor-container elementor-column-gap-default\">\n\t\t\t\t\t<div class=\"elementor-column elementor-col-20 elementor-top-column elementor-element elementor-element-eac8959\" data-id=\"eac8959\" data-element_type=\"column\" data-e-type=\"column\">\n\t\t\t<div class=\"elementor-widget-wrap\">\n\t\t\t\t\t\t\t<\/div>\n\t\t<\/div>\n\t\t\t\t<div class=\"elementor-column elementor-col-20 elementor-top-column elementor-element elementor-element-99cdb4f\" data-id=\"99cdb4f\" data-element_type=\"column\" data-e-type=\"column\">\n\t\t\t<div class=\"elementor-widget-wrap elementor-element-populated\">\n\t\t\t\t\t\t<div class=\"elementor-element elementor-element-6c6c543 elementor-widget__width-initial elementor-widget elementor-widget-image\" data-id=\"6c6c543\" data-element_type=\"widget\" data-e-type=\"widget\" data-widget_type=\"image.default\">\n\t\t\t\t<div class=\"elementor-widget-container\">\n\t\t\t\t\t\t\t\t\t\t\t\t\t\t\t<img fetchpriority=\"high\" decoding=\"async\" width=\"800\" height=\"800\" src=\"https:\/\/acrj.org.br\/wp-content\/uploads\/2023\/10\/gabriel_kropsch_fundo_acrj.png\" class=\"attachment-full size-full wp-image-20924\" alt=\"\" srcset=\"https:\/\/acrj.org.br\/wp-content\/uploads\/2023\/10\/gabriel_kropsch_fundo_acrj.png 800w, https:\/\/acrj.org.br\/wp-content\/uploads\/2023\/10\/gabriel_kropsch_fundo_acrj-300x300.png 300w, https:\/\/acrj.org.br\/wp-content\/uploads\/2023\/10\/gabriel_kropsch_fundo_acrj-100x100.png 100w, https:\/\/acrj.org.br\/wp-content\/uploads\/2023\/10\/gabriel_kropsch_fundo_acrj-600x600.png 600w, https:\/\/acrj.org.br\/wp-content\/uploads\/2023\/10\/gabriel_kropsch_fundo_acrj-150x150.png 150w, https:\/\/acrj.org.br\/wp-content\/uploads\/2023\/10\/gabriel_kropsch_fundo_acrj-768x768.png 768w\" sizes=\"(max-width: 800px) 100vw, 800px\" \/>\t\t\t\t\t\t\t\t\t\t\t\t\t\t\t<\/div>\n\t\t\t\t<\/div>\n\t\t\t\t<div class=\"elementor-element elementor-element-a35666a elementor-widget__width-initial elementor-absolute elementor-widget elementor-widget-image\" data-id=\"a35666a\" data-element_type=\"widget\" data-e-type=\"widget\" data-settings=\"{&quot;_position&quot;:&quot;absolute&quot;}\" data-widget_type=\"image.default\">\n\t\t\t\t<div class=\"elementor-widget-container\">\n\t\t\t\t\t\t\t\t\t\t\t\t\t\t\t<img decoding=\"async\" width=\"94\" height=\"245\" src=\"https:\/\/acrj.org.br\/wp-content\/uploads\/2020\/02\/firula1_conselho.png\" class=\"attachment-medium size-medium wp-image-268\" alt=\"\" \/>\t\t\t\t\t\t\t\t\t\t\t\t\t\t\t<\/div>\n\t\t\t\t<\/div>\n\t\t\t\t<div class=\"elementor-element elementor-element-c189e01 elementor-absolute conselhos elementor-widget elementor-widget-text-editor\" data-id=\"c189e01\" data-element_type=\"widget\" data-e-type=\"widget\" data-settings=\"{&quot;_position&quot;:&quot;absolute&quot;}\" data-widget_type=\"text-editor.default\">\n\t\t\t\t<div class=\"elementor-widget-container\">\n\t\t\t\t\t\t\t\t\t<h2>Gabriel Kropsch<\/h2>\n<p>PRESIDENTE<\/p>\t\t\t\t\t\t\t\t<\/div>\n\t\t\t\t<\/div>\n\t\t\t\t<div class=\"elementor-element elementor-element-bb7179b elementor-widget elementor-widget-spacer\" data-id=\"bb7179b\" data-element_type=\"widget\" data-e-type=\"widget\" data-widget_type=\"spacer.default\">\n\t\t\t\t<div class=\"elementor-widget-container\">\n\t\t\t\t\t\t\t<div class=\"elementor-spacer\">\n\t\t\t<div class=\"elementor-spacer-inner\"><\/div>\n\t\t<\/div>\n\t\t\t\t\t\t<\/div>\n\t\t\t\t<\/div>\n\t\t\t\t\t<\/div>\n\t\t<\/div>\n\t\t\t\t<div class=\"elementor-column elementor-col-20 elementor-top-column elementor-element elementor-element-bae90f8\" data-id=\"bae90f8\" data-element_type=\"column\" data-e-type=\"column\">\n\t\t\t<div class=\"elementor-widget-wrap\">\n\t\t\t\t\t\t\t<\/div>\n\t\t<\/div>\n\t\t\t\t<div class=\"elementor-column elementor-col-20 elementor-top-column elementor-element elementor-element-3ee4067\" data-id=\"3ee4067\" data-element_type=\"column\" data-e-type=\"column\">\n\t\t\t<div class=\"elementor-widget-wrap elementor-element-populated\">\n\t\t\t\t\t\t<div class=\"elementor-element elementor-element-0920ad1 elementor-widget__width-initial elementor-widget elementor-widget-image\" data-id=\"0920ad1\" data-element_type=\"widget\" data-e-type=\"widget\" data-widget_type=\"image.default\">\n\t\t\t\t<div class=\"elementor-widget-container\">\n\t\t\t\t\t\t\t\t\t\t\t\t\t\t\t<img decoding=\"async\" width=\"575\" height=\"576\" src=\"https:\/\/acrj.org.br\/wp-content\/uploads\/2025\/04\/Katia-Repsold.png\" class=\"attachment-full size-full wp-image-35692\" alt=\"\" srcset=\"https:\/\/acrj.org.br\/wp-content\/uploads\/2025\/04\/Katia-Repsold.png 575w, https:\/\/acrj.org.br\/wp-content\/uploads\/2025\/04\/Katia-Repsold-300x300.png 300w, https:\/\/acrj.org.br\/wp-content\/uploads\/2025\/04\/Katia-Repsold-150x150.png 150w\" sizes=\"(max-width: 575px) 100vw, 575px\" \/>\t\t\t\t\t\t\t\t\t\t\t\t\t\t\t<\/div>\n\t\t\t\t<\/div>\n\t\t\t\t<div class=\"elementor-element elementor-element-131dd24 elementor-widget elementor-widget-spacer\" data-id=\"131dd24\" data-element_type=\"widget\" data-e-type=\"widget\" data-widget_type=\"spacer.default\">\n\t\t\t\t<div class=\"elementor-widget-container\">\n\t\t\t\t\t\t\t<div class=\"elementor-spacer\">\n\t\t\t<div class=\"elementor-spacer-inner\"><\/div>\n\t\t<\/div>\n\t\t\t\t\t\t<\/div>\n\t\t\t\t<\/div>\n\t\t\t\t<div class=\"elementor-element elementor-element-38c85e4 elementor-absolute conselhos elementor-widget elementor-widget-text-editor\" data-id=\"38c85e4\" data-element_type=\"widget\" data-e-type=\"widget\" data-settings=\"{&quot;_position&quot;:&quot;absolute&quot;}\" data-widget_type=\"text-editor.default\">\n\t\t\t\t<div class=\"elementor-widget-container\">\n\t\t\t\t\t\t\t\t\t<h2>KATIA BRITO REPSOLD<\/h2><p>Vice-Presidente<\/p>\t\t\t\t\t\t\t\t<\/div>\n\t\t\t\t<\/div>\n\t\t\t\t<div class=\"elementor-element elementor-element-4fa9a6c elementor-widget__width-initial elementor-absolute elementor-widget elementor-widget-image\" data-id=\"4fa9a6c\" data-element_type=\"widget\" data-e-type=\"widget\" data-settings=\"{&quot;_position&quot;:&quot;absolute&quot;}\" data-widget_type=\"image.default\">\n\t\t\t\t<div class=\"elementor-widget-container\">\n\t\t\t\t\t\t\t\t\t\t\t\t\t\t\t<img decoding=\"async\" width=\"94\" height=\"245\" src=\"https:\/\/acrj.org.br\/wp-content\/uploads\/2020\/02\/firula1_conselho.png\" class=\"attachment-medium size-medium wp-image-268\" alt=\"\" \/>\t\t\t\t\t\t\t\t\t\t\t\t\t\t\t<\/div>\n\t\t\t\t<\/div>\n\t\t\t\t\t<\/div>\n\t\t<\/div>\n\t\t\t\t<div class=\"elementor-column elementor-col-20 elementor-top-column elementor-element elementor-element-d9c82f5\" data-id=\"d9c82f5\" data-element_type=\"column\" data-e-type=\"column\">\n\t\t\t<div class=\"elementor-widget-wrap\">\n\t\t\t\t\t\t\t<\/div>\n\t\t<\/div>\n\t\t\t\t\t<\/div>\n\t\t<\/section>\n\t\t\t\t<section class=\"elementor-section elementor-top-section elementor-element elementor-element-6535f64 elementor-section-boxed elementor-section-height-default elementor-section-height-default\" data-id=\"6535f64\" data-element_type=\"section\" data-e-type=\"section\">\n\t\t\t\t\t\t<div class=\"elementor-container elementor-column-gap-default\">\n\t\t\t\t\t<div class=\"elementor-column elementor-col-100 elementor-top-column elementor-element elementor-element-92e94ac\" data-id=\"92e94ac\" data-element_type=\"column\" data-e-type=\"column\">\n\t\t\t<div class=\"elementor-widget-wrap elementor-element-populated\">\n\t\t\t\t\t\t<div class=\"elementor-element elementor-element-822ceae elementor-widget elementor-widget-heading\" data-id=\"822ceae\" data-element_type=\"widget\" data-e-type=\"widget\" data-widget_type=\"heading.default\">\n\t\t\t\t<div class=\"elementor-widget-container\">\n\t\t\t\t\t<h2 class=\"elementor-heading-title elementor-size-default\">MEMBROS DO CONSELHO<\/h2>\t\t\t\t<\/div>\n\t\t\t\t<\/div>\n\t\t\t\t<div class=\"elementor-element elementor-element-baa79d5 membros elementor-widget elementor-widget-text-editor\" data-id=\"baa79d5\" data-element_type=\"widget\" data-e-type=\"widget\" data-widget_type=\"text-editor.default\">\n\t\t\t\t<div class=\"elementor-widget-container\">\n\t\t\t\t\t\t\t\t\t<p>Alexandre Nogueira Ferreira<\/p><p>Aureo Ricardo Salles de Barros<\/p><p>Bruno Vieira Chavarry Duarte<\/p><p>Carlos Bernardo de Almeida Gon\u00e7alves<\/p><p>Celso Mattos<\/p><p>Daniel Aguiar Salles de Barros<\/p><p>Emmanuel Charles Delfosse<\/p><p>Fernanda Delgado de Jesus<\/p><p>Fernanda Scoponi<\/p><p>Francisco Abreu\u00a0Victer<\/p><p>Gil Maranh\u00e3o Neto<\/p><p>Guilherme Barbosa Vinhas<\/p><p>Gustavo De Marchi<\/p><p>Helio Paulo Ferraz<\/p><p>Luisangelo Pierre Nunes da\u00a0Costa<\/p><p>Marcelo Andrade Ferreira<\/p><p>Marianno de Azeredo Santos Filho<\/p><p>Mauricio Ribeiro<\/p><p>Paulo Augusto Gomes Coelho<\/p><p>Pedro Rodrigues<\/p><p>Rickard Schafer<\/p><p>Roni Wajnberg<\/p><p>Ulisses Martins<\/p><p>Vitor Ferreira Alves de Brito<\/p>\t\t\t\t\t\t\t\t<\/div>\n\t\t\t\t<\/div>\n\t\t\t\t\t<\/div>\n\t\t<\/div>\n\t\t\t\t\t<\/div>\n\t\t<\/section>\n\t\t\t\t<\/div>\n\t\t","protected":false},"excerpt":{"rendered":"<p>Tem como objetivos discutir estrategicamente e propor solu\u00e7\u00f5es para quest\u00f5es cruciais relacionadas a Energias Limpas, Efici\u00eancia Energ\u00e9tica, Mobilidade Sustent\u00e1vel e Infraestrutura de Distribui\u00e7\u00e3o, sempre com&hellip;<\/p>\n","protected":false},"author":9,"featured_media":0,"parent":0,"menu_order":0,"comment_status":"closed","ping_status":"closed","template":"","meta":{"_exactmetrics_skip_tracking":false,"_exactmetrics_sitenote_active":false,"_exactmetrics_sitenote_note":"","_exactmetrics_sitenote_category":0,"footnotes":""},"class_list":["post-218","page","type-page","status-publish","hentry"],"_links":{"self":[{"href":"https:\/\/acrj.org.br\/index.php\/wp-json\/wp\/v2\/pages\/218","targetHints":{"allow":["GET"]}}],"collection":[{"href":"https:\/\/acrj.org.br\/index.php\/wp-json\/wp\/v2\/pages"}],"about":[{"href":"https:\/\/acrj.org.br\/index.php\/wp-json\/wp\/v2\/types\/page"}],"author":[{"embeddable":true,"href":"https:\/\/acrj.org.br\/index.php\/wp-json\/wp\/v2\/users\/9"}],"replies":[{"embeddable":true,"href":"https:\/\/acrj.org.br\/index.php\/wp-json\/wp\/v2\/comments?post=218"}],"version-history":[{"count":3,"href":"https:\/\/acrj.org.br\/index.php\/wp-json\/wp\/v2\/pages\/218\/revisions"}],"predecessor-version":[{"id":41234,"href":"https:\/\/acrj.org.br\/index.php\/wp-json\/wp\/v2\/pages\/218\/revisions\/41234"}],"wp:attachment":[{"href":"https:\/\/acrj.org.br\/index.php\/wp-json\/wp\/v2\/media?parent=218"}],"curies":[{"name":"wp","href":"https:\/\/api.w.org\/{rel}","templated":true}]}}