{"id":20961,"date":"2023-10-06T15:34:08","date_gmt":"2023-10-06T18:34:08","guid":{"rendered":"https:\/\/acrj.org.br\/?page_id=20961"},"modified":"2026-02-23T12:05:45","modified_gmt":"2026-02-23T15:05:45","slug":"empresarial-de-educacao-corporativa-e-desenvolvimento-humano","status":"publish","type":"page","link":"https:\/\/acrj.org.br\/index.php\/empresarial-de-educacao-corporativa-e-desenvolvimento-humano\/","title":{"rendered":"CONSELHO EMPRESARIAL DE Desenvolvimento Humano e Educa\u00e7\u00e3o Corporativa"},"content":{"rendered":"\t\t<div data-elementor-type=\"wp-page\" data-elementor-id=\"20961\" class=\"elementor elementor-20961\" data-elementor-post-type=\"page\">\n\t\t\t\t\t\t<section class=\"elementor-section elementor-top-section elementor-element elementor-element-011f38a elementor-hidden-desktop elementor-hidden-tablet elementor-hidden-mobile elementor-section-boxed elementor-section-height-default elementor-section-height-default\" data-id=\"011f38a\" data-element_type=\"section\" data-e-type=\"section\">\n\t\t\t\t\t\t<div class=\"elementor-container elementor-column-gap-default\">\n\t\t\t\t\t<div class=\"elementor-column elementor-col-100 elementor-top-column elementor-element elementor-element-6ba2fa5\" data-id=\"6ba2fa5\" data-element_type=\"column\" data-e-type=\"column\">\n\t\t\t<div class=\"elementor-widget-wrap elementor-element-populated\">\n\t\t\t\t\t\t<div class=\"elementor-element elementor-element-efe0db0 elementor-widget elementor-widget-text-editor\" data-id=\"efe0db0\" data-element_type=\"widget\" data-e-type=\"widget\" data-widget_type=\"text-editor.default\">\n\t\t\t\t<div class=\"elementor-widget-container\">\n\t\t\t\t\t\t\t\t\t<p>Objetivos:<\/p><ul><li>Promover a excel\u00eancia em RH desenvolvendo estrat\u00e9gias para aprimorar a gest\u00e3o de recursos humanos, abordando temas como recrutamento, sele\u00e7\u00e3o, treinamento e desenvolvimento, avalia\u00e7\u00e3o de desempenho e reten\u00e7\u00e3o de talentos;<\/li><li>Impulsionar o Desenvolvimento Organizacional identificando oportunidades de crescimento e efici\u00eancia nas organiza\u00e7\u00f5es, com foco na melhoria dos processos, da estrutura organizacional e da capacita\u00e7\u00e3o dos colaboradores;<\/li><li>Fortalecer a Cultura Corporativa auxiliando as empresas a definir e promover uma cultura corporativa alinhada com seus valores e objetivos estrat\u00e9gicos, garantindo um ambiente de trabalho saud\u00e1vel e inspirador.<\/li><\/ul>\t\t\t\t\t\t\t\t<\/div>\n\t\t\t\t<\/div>\n\t\t\t\t\t<\/div>\n\t\t<\/div>\n\t\t\t\t\t<\/div>\n\t\t<\/section>\n\t\t\t\t<section class=\"elementor-section elementor-top-section elementor-element elementor-element-6f10e7b elementor-section-boxed elementor-section-height-default elementor-section-height-default\" data-id=\"6f10e7b\" data-element_type=\"section\" data-e-type=\"section\">\n\t\t\t\t\t\t<div class=\"elementor-container elementor-column-gap-default\">\n\t\t\t\t\t<div class=\"elementor-column elementor-col-20 elementor-top-column elementor-element elementor-element-e7beff7\" data-id=\"e7beff7\" data-element_type=\"column\" data-e-type=\"column\">\n\t\t\t<div class=\"elementor-widget-wrap\">\n\t\t\t\t\t\t\t<\/div>\n\t\t<\/div>\n\t\t\t\t<div class=\"elementor-column elementor-col-20 elementor-top-column elementor-element elementor-element-b1f934a\" data-id=\"b1f934a\" data-element_type=\"column\" data-e-type=\"column\">\n\t\t\t<div class=\"elementor-widget-wrap elementor-element-populated\">\n\t\t\t\t\t\t<div class=\"elementor-element elementor-element-299f28f elementor-widget__width-initial elementor-widget elementor-widget-image\" data-id=\"299f28f\" data-element_type=\"widget\" data-e-type=\"widget\" data-widget_type=\"image.default\">\n\t\t\t\t<div class=\"elementor-widget-container\">\n\t\t\t\t\t\t\t\t\t\t\t\t\t\t\t<img decoding=\"async\" src=\"https:\/\/acrj.org.br\/wp-content\/uploads\/elementor\/thumbs\/Roberto-Godinho-qg4xwq4hcgdc4kppu175fqibq3acqj6dxt6ae2drnk.jpg\" title=\"Roberto Godinho\" alt=\"Roberto Godinho\" loading=\"lazy\" \/>\t\t\t\t\t\t\t\t\t\t\t\t\t\t\t<\/div>\n\t\t\t\t<\/div>\n\t\t\t\t<div class=\"elementor-element elementor-element-0fe17b2 elementor-widget__width-initial elementor-absolute elementor-widget elementor-widget-image\" data-id=\"0fe17b2\" data-element_type=\"widget\" data-e-type=\"widget\" data-settings=\"{&quot;_position&quot;:&quot;absolute&quot;}\" data-widget_type=\"image.default\">\n\t\t\t\t<div class=\"elementor-widget-container\">\n\t\t\t\t\t\t\t\t\t\t\t\t\t\t\t<img decoding=\"async\" width=\"94\" height=\"245\" src=\"https:\/\/acrj.org.br\/wp-content\/uploads\/2020\/02\/firula1_conselho.png\" class=\"attachment-medium size-medium wp-image-268\" alt=\"\" \/>\t\t\t\t\t\t\t\t\t\t\t\t\t\t\t<\/div>\n\t\t\t\t<\/div>\n\t\t\t\t<div class=\"elementor-element elementor-element-dbde37f elementor-absolute conselhos elementor-widget elementor-widget-text-editor\" data-id=\"dbde37f\" data-element_type=\"widget\" data-e-type=\"widget\" data-settings=\"{&quot;_position&quot;:&quot;absolute&quot;}\" data-widget_type=\"text-editor.default\">\n\t\t\t\t<div class=\"elementor-widget-container\">\n\t\t\t\t\t\t\t\t\t<h2><a href=\"https:\/\/www.linkedin.com\/in\/robertogodinho-msc?utm_source=share&amp;utm_campaign=share_via&amp;utm_content=profile&amp;utm_medium=ios_app\" target=\"_blank\" rel=\"noopener\">ROBERTO GODINHO<\/a><\/h2><p>PRESIDENTE<\/p>\t\t\t\t\t\t\t\t<\/div>\n\t\t\t\t<\/div>\n\t\t\t\t<div class=\"elementor-element elementor-element-5f17431 elementor-widget elementor-widget-spacer\" data-id=\"5f17431\" data-element_type=\"widget\" data-e-type=\"widget\" data-widget_type=\"spacer.default\">\n\t\t\t\t<div class=\"elementor-widget-container\">\n\t\t\t\t\t\t\t<div class=\"elementor-spacer\">\n\t\t\t<div class=\"elementor-spacer-inner\"><\/div>\n\t\t<\/div>\n\t\t\t\t\t\t<\/div>\n\t\t\t\t<\/div>\n\t\t\t\t\t<\/div>\n\t\t<\/div>\n\t\t\t\t<div class=\"elementor-column elementor-col-20 elementor-top-column elementor-element elementor-element-4d72eb9\" data-id=\"4d72eb9\" data-element_type=\"column\" data-e-type=\"column\">\n\t\t\t<div class=\"elementor-widget-wrap\">\n\t\t\t\t\t\t\t<\/div>\n\t\t<\/div>\n\t\t\t\t<div class=\"elementor-column elementor-col-20 elementor-top-column elementor-element elementor-element-9f45ad1\" data-id=\"9f45ad1\" data-element_type=\"column\" data-e-type=\"column\">\n\t\t\t<div class=\"elementor-widget-wrap elementor-element-populated\">\n\t\t\t\t\t\t<div class=\"elementor-element elementor-element-aee0e6f elementor-widget__width-initial elementor-widget elementor-widget-image\" data-id=\"aee0e6f\" data-element_type=\"widget\" data-e-type=\"widget\" data-widget_type=\"image.default\">\n\t\t\t\t<div class=\"elementor-widget-container\">\n\t\t\t\t\t\t\t\t\t\t\t\t\t\t\t<img decoding=\"async\" src=\"https:\/\/acrj.org.br\/wp-content\/uploads\/elementor\/thumbs\/Maira-qboae0uzqx3b80kcqjh3uz04nrmac304ubehv8j8sg.png\" title=\"Maira\" alt=\"Maira\" loading=\"lazy\" \/>\t\t\t\t\t\t\t\t\t\t\t\t\t\t\t<\/div>\n\t\t\t\t<\/div>\n\t\t\t\t<div class=\"elementor-element elementor-element-759d8c8 conselhos elementor-widget elementor-widget-spacer\" data-id=\"759d8c8\" data-element_type=\"widget\" data-e-type=\"widget\" data-widget_type=\"spacer.default\">\n\t\t\t\t<div class=\"elementor-widget-container\">\n\t\t\t\t\t\t\t<div class=\"elementor-spacer\">\n\t\t\t<div class=\"elementor-spacer-inner\"><\/div>\n\t\t<\/div>\n\t\t\t\t\t\t<\/div>\n\t\t\t\t<\/div>\n\t\t\t\t<div class=\"elementor-element elementor-element-d29b141 elementor-absolute conselhos elementor-widget elementor-widget-text-editor\" data-id=\"d29b141\" data-element_type=\"widget\" data-e-type=\"widget\" data-settings=\"{&quot;_position&quot;:&quot;absolute&quot;}\" data-widget_type=\"text-editor.default\">\n\t\t\t\t<div class=\"elementor-widget-container\">\n\t\t\t\t\t\t\t\t\t<h2>Ma\u00edra Pimentel<\/h2><p>Vice-Presidente<\/p>\t\t\t\t\t\t\t\t<\/div>\n\t\t\t\t<\/div>\n\t\t\t\t<div class=\"elementor-element elementor-element-d660aee elementor-widget__width-initial elementor-absolute elementor-widget elementor-widget-image\" data-id=\"d660aee\" data-element_type=\"widget\" data-e-type=\"widget\" data-settings=\"{&quot;_position&quot;:&quot;absolute&quot;}\" data-widget_type=\"image.default\">\n\t\t\t\t<div class=\"elementor-widget-container\">\n\t\t\t\t\t\t\t\t\t\t\t\t\t\t\t<img decoding=\"async\" width=\"94\" height=\"245\" src=\"https:\/\/acrj.org.br\/wp-content\/uploads\/2020\/02\/firula1_conselho.png\" class=\"attachment-medium size-medium wp-image-268\" alt=\"\" \/>\t\t\t\t\t\t\t\t\t\t\t\t\t\t\t<\/div>\n\t\t\t\t<\/div>\n\t\t\t\t\t<\/div>\n\t\t<\/div>\n\t\t\t\t<div class=\"elementor-column elementor-col-20 elementor-top-column elementor-element elementor-element-9944353\" data-id=\"9944353\" data-element_type=\"column\" data-e-type=\"column\">\n\t\t\t<div class=\"elementor-widget-wrap\">\n\t\t\t\t\t\t\t<\/div>\n\t\t<\/div>\n\t\t\t\t\t<\/div>\n\t\t<\/section>\n\t\t\t\t<section class=\"elementor-section elementor-top-section elementor-element elementor-element-d25ba38 elementor-section-boxed elementor-section-height-default elementor-section-height-default\" data-id=\"d25ba38\" data-element_type=\"section\" data-e-type=\"section\">\n\t\t\t\t\t\t<div class=\"elementor-container elementor-column-gap-default\">\n\t\t\t\t\t<div class=\"elementor-column elementor-col-100 elementor-top-column elementor-element elementor-element-13aa477\" data-id=\"13aa477\" data-element_type=\"column\" data-e-type=\"column\">\n\t\t\t<div class=\"elementor-widget-wrap elementor-element-populated\">\n\t\t\t\t\t\t<div class=\"elementor-element elementor-element-0a53919 elementor-widget elementor-widget-heading\" data-id=\"0a53919\" data-element_type=\"widget\" data-e-type=\"widget\" data-widget_type=\"heading.default\">\n\t\t\t\t<div class=\"elementor-widget-container\">\n\t\t\t\t\t<h2 class=\"elementor-heading-title elementor-size-default\">MEMBROS DO CONSELHO<\/h2>\t\t\t\t<\/div>\n\t\t\t\t<\/div>\n\t\t\t\t<div class=\"elementor-element elementor-element-49ac72c membros elementor-widget elementor-widget-text-editor\" data-id=\"49ac72c\" data-element_type=\"widget\" data-e-type=\"widget\" data-widget_type=\"text-editor.default\">\n\t\t\t\t<div class=\"elementor-widget-container\">\n\t\t\t\t\t\t\t\t\t<p>Alba Val\u00e9ria Concei\u00e7\u00e3o Eiras de Fran\u00e7a<\/p><p>Alex Pinheiro de Souza Sequeira<\/p><p>Alexandre Chiacchio<\/p><p>Andrea Marinho de Souza Franco<\/p><p>Andreia Niskier Ghelman<\/p><p>Antonio Jos\u00e9 Braga Linhares<\/p><p>Bernard Caff\u00e9 Figueiredo<\/p><p>Branca Ventura Milidiu<\/p><p>Camila Crispim Bastos<\/p><p>C\u00e9zar Kirszenblatt<\/p><p>Claudia Klein<\/p><p>Claudia Massena Barbar\u00e1<\/p><p>Cristiana Aguiar<\/p><p>Felipe Ayres Barbosa de Lima<\/p><p>Fernanda Delgado de Jesus<\/p><p>Fernanda Santoro<\/p><p>Gabriella Consoli Machado<\/p><p>Jose Pinto Monteiro<\/p><p>Joselaine Arag\u00e3o da Silva Rampini<\/p><p>Larissa Linden Mafra<\/p><p>Luiz Augusto Mattana da Costa Leite<\/p><p>Luiz Guilherme de Figueiredo Guedes<\/p><p>Luiza Moraes Gazola<\/p><p>M\u00e1rio Leandro Morosini<\/p><p>Mauro\u00a0Wainstock<\/p><p>Michelle Fernandes dos Santos<\/p><p>Odair de Brito Franco<\/p><p>Rachel Goldgrob<\/p><p>Renata Freitas de Souza Lima Filardi<\/p><p>Renata Gorges Rocha Guimar\u00e3es<\/p><p>Tatiana Melamed Krawczenko<\/p><p>Th\u00f6r Silva Carvalho<\/p><p>Vanderson Berbat<\/p><p>Victor Medeiros da Fonseca<\/p><p>Wanda Engel Aduan<\/p>\t\t\t\t\t\t\t\t<\/div>\n\t\t\t\t<\/div>\n\t\t\t\t\t<\/div>\n\t\t<\/div>\n\t\t\t\t\t<\/div>\n\t\t<\/section>\n\t\t\t\t<\/div>\n\t\t","protected":false},"excerpt":{"rendered":"<p>Objetivos: Promover a excel\u00eancia em RH desenvolvendo estrat\u00e9gias para aprimorar a gest\u00e3o de recursos humanos, abordando temas como recrutamento, sele\u00e7\u00e3o, treinamento e desenvolvimento, avalia\u00e7\u00e3o de&hellip;<\/p>\n","protected":false},"author":9,"featured_media":0,"parent":0,"menu_order":0,"comment_status":"closed","ping_status":"closed","template":"","meta":{"_exactmetrics_skip_tracking":false,"_exactmetrics_sitenote_active":false,"_exactmetrics_sitenote_note":"","_exactmetrics_sitenote_category":0,"footnotes":""},"class_list":["post-20961","page","type-page","status-publish","hentry"],"_links":{"self":[{"href":"https:\/\/acrj.org.br\/index.php\/wp-json\/wp\/v2\/pages\/20961","targetHints":{"allow":["GET"]}}],"collection":[{"href":"https:\/\/acrj.org.br\/index.php\/wp-json\/wp\/v2\/pages"}],"about":[{"href":"https:\/\/acrj.org.br\/index.php\/wp-json\/wp\/v2\/types\/page"}],"author":[{"embeddable":true,"href":"https:\/\/acrj.org.br\/index.php\/wp-json\/wp\/v2\/users\/9"}],"replies":[{"embeddable":true,"href":"https:\/\/acrj.org.br\/index.php\/wp-json\/wp\/v2\/comments?post=20961"}],"version-history":[{"count":9,"href":"https:\/\/acrj.org.br\/index.php\/wp-json\/wp\/v2\/pages\/20961\/revisions"}],"predecessor-version":[{"id":41739,"href":"https:\/\/acrj.org.br\/index.php\/wp-json\/wp\/v2\/pages\/20961\/revisions\/41739"}],"wp:attachment":[{"href":"https:\/\/acrj.org.br\/index.php\/wp-json\/wp\/v2\/media?parent=20961"}],"curies":[{"name":"wp","href":"https:\/\/api.w.org\/{rel}","templated":true}]}}