{"id":180,"date":"2020-02-06T10:12:55","date_gmt":"2020-02-06T13:12:55","guid":{"rendered":"http:\/\/acrj2020.profissional.ws\/?page_id=180"},"modified":"2025-10-28T15:09:31","modified_gmt":"2025-10-28T18:09:31","slug":"empresarial-de-turismo","status":"publish","type":"page","link":"https:\/\/acrj.org.br\/index.php\/empresarial-de-turismo\/","title":{"rendered":"CONSELHO EMPRESARIAL DO ECOSSISTEMA DO TURISMO"},"content":{"rendered":"\t\t<div data-elementor-type=\"wp-page\" data-elementor-id=\"180\" class=\"elementor elementor-180\" data-elementor-post-type=\"page\">\n\t\t\t\t\t\t<section class=\"elementor-section elementor-top-section elementor-element elementor-element-5ebd9b87 elementor-section-boxed elementor-section-height-default elementor-section-height-default\" data-id=\"5ebd9b87\" data-element_type=\"section\" data-e-type=\"section\">\n\t\t\t\t\t\t<div class=\"elementor-container elementor-column-gap-default\">\n\t\t\t\t\t<div class=\"elementor-column elementor-col-100 elementor-top-column elementor-element elementor-element-1c629aa2\" data-id=\"1c629aa2\" data-element_type=\"column\" data-e-type=\"column\">\n\t\t\t<div class=\"elementor-widget-wrap elementor-element-populated\">\n\t\t\t\t\t\t<div class=\"elementor-element elementor-element-12cf0a01 elementor-widget elementor-widget-text-editor\" data-id=\"12cf0a01\" data-element_type=\"widget\" data-e-type=\"widget\" data-widget_type=\"text-editor.default\">\n\t\t\t\t<div class=\"elementor-widget-container\">\n\t\t\t\t\t\t\t\t\t\n<p>Seu objetivo \u00e9 colaborar na formula\u00e7\u00e3o e na implanta\u00e7\u00e3o de pol\u00edticas de desenvolvimento do turismo, traduzindo a opini\u00e3o dos empres\u00e1rios dos v\u00e1rios setores e apontando propostas definidas.<\/p>\n\t\t\t\t\t\t\t\t<\/div>\n\t\t\t\t<\/div>\n\t\t\t\t\t<\/div>\n\t\t<\/div>\n\t\t\t\t\t<\/div>\n\t\t<\/section>\n\t\t\t\t<section class=\"elementor-section elementor-top-section elementor-element elementor-element-c70ea49 elementor-section-boxed elementor-section-height-default elementor-section-height-default\" data-id=\"c70ea49\" data-element_type=\"section\" data-e-type=\"section\">\n\t\t\t\t\t\t<div class=\"elementor-container elementor-column-gap-default\">\n\t\t\t\t\t<div class=\"elementor-column elementor-col-16 elementor-top-column elementor-element elementor-element-cf8813f\" data-id=\"cf8813f\" data-element_type=\"column\" data-e-type=\"column\">\n\t\t\t<div class=\"elementor-widget-wrap elementor-element-populated\">\n\t\t\t\t\t\t<div class=\"elementor-element elementor-element-5d77bca elementor-widget__width-initial elementor-widget elementor-widget-image\" data-id=\"5d77bca\" data-element_type=\"widget\" data-e-type=\"widget\" data-widget_type=\"image.default\">\n\t\t\t\t<div class=\"elementor-widget-container\">\n\t\t\t\t\t\t\t\t\t\t\t\t\t\t\t<img fetchpriority=\"high\" decoding=\"async\" width=\"576\" height=\"576\" src=\"https:\/\/acrj.org.br\/wp-content\/uploads\/2025\/05\/Pedro-Guimaraes.png\" class=\"attachment-full size-full wp-image-36276\" alt=\"\" srcset=\"https:\/\/acrj.org.br\/wp-content\/uploads\/2025\/05\/Pedro-Guimaraes.png 576w, https:\/\/acrj.org.br\/wp-content\/uploads\/2025\/05\/Pedro-Guimaraes-300x300.png 300w, https:\/\/acrj.org.br\/wp-content\/uploads\/2025\/05\/Pedro-Guimaraes-150x150.png 150w\" sizes=\"(max-width: 576px) 100vw, 576px\" \/>\t\t\t\t\t\t\t\t\t\t\t\t\t\t\t<\/div>\n\t\t\t\t<\/div>\n\t\t\t\t<div class=\"elementor-element elementor-element-a5e9c06 elementor-widget__width-initial elementor-absolute elementor-widget elementor-widget-image\" data-id=\"a5e9c06\" data-element_type=\"widget\" data-e-type=\"widget\" data-settings=\"{&quot;_position&quot;:&quot;absolute&quot;}\" data-widget_type=\"image.default\">\n\t\t\t\t<div class=\"elementor-widget-container\">\n\t\t\t\t\t\t\t\t\t\t\t\t\t\t\t<img decoding=\"async\" width=\"94\" height=\"245\" src=\"https:\/\/acrj.org.br\/wp-content\/uploads\/2020\/02\/firula1_conselho.png\" class=\"attachment-medium size-medium wp-image-268\" alt=\"\" \/>\t\t\t\t\t\t\t\t\t\t\t\t\t\t\t<\/div>\n\t\t\t\t<\/div>\n\t\t\t\t<div class=\"elementor-element elementor-element-2d9379a elementor-widget elementor-widget-spacer\" data-id=\"2d9379a\" data-element_type=\"widget\" data-e-type=\"widget\" data-widget_type=\"spacer.default\">\n\t\t\t\t<div class=\"elementor-widget-container\">\n\t\t\t\t\t\t\t<div class=\"elementor-spacer\">\n\t\t\t<div class=\"elementor-spacer-inner\"><\/div>\n\t\t<\/div>\n\t\t\t\t\t\t<\/div>\n\t\t\t\t<\/div>\n\t\t\t\t<div class=\"elementor-element elementor-element-0000311 elementor-absolute conselhos elementor-widget elementor-widget-text-editor\" data-id=\"0000311\" data-element_type=\"widget\" data-e-type=\"widget\" data-settings=\"{&quot;_position&quot;:&quot;absolute&quot;}\" data-widget_type=\"text-editor.default\">\n\t\t\t\t<div class=\"elementor-widget-container\">\n\t\t\t\t\t\t\t\t\t<h2>Pedro Guimar\u00e3es<\/h2>\n<p>Presidente<\/p>\t\t\t\t\t\t\t\t<\/div>\n\t\t\t\t<\/div>\n\t\t\t\t\t<\/div>\n\t\t<\/div>\n\t\t\t\t<div class=\"elementor-column elementor-col-16 elementor-top-column elementor-element elementor-element-988c316\" data-id=\"988c316\" data-element_type=\"column\" data-e-type=\"column\">\n\t\t\t<div class=\"elementor-widget-wrap\">\n\t\t\t\t\t\t\t<\/div>\n\t\t<\/div>\n\t\t\t\t<div class=\"elementor-column elementor-col-16 elementor-top-column elementor-element elementor-element-2753af7\" data-id=\"2753af7\" data-element_type=\"column\" data-e-type=\"column\">\n\t\t\t<div class=\"elementor-widget-wrap elementor-element-populated\">\n\t\t\t\t\t\t<div class=\"elementor-element elementor-element-f958448 elementor-widget__width-initial elementor-widget elementor-widget-image\" data-id=\"f958448\" data-element_type=\"widget\" data-e-type=\"widget\" data-widget_type=\"image.default\">\n\t\t\t\t<div class=\"elementor-widget-container\">\n\t\t\t\t\t\t\t\t\t\t\t\t\t\t\t<img decoding=\"async\" width=\"692\" height=\"692\" src=\"https:\/\/acrj.org.br\/wp-content\/uploads\/2023\/08\/Joao-Marcello.png\" class=\"attachment-full size-full wp-image-18131\" alt=\"\" srcset=\"https:\/\/acrj.org.br\/wp-content\/uploads\/2023\/08\/Joao-Marcello.png 692w, https:\/\/acrj.org.br\/wp-content\/uploads\/2023\/08\/Joao-Marcello-300x300.png 300w, https:\/\/acrj.org.br\/wp-content\/uploads\/2023\/08\/Joao-Marcello-100x100.png 100w, https:\/\/acrj.org.br\/wp-content\/uploads\/2023\/08\/Joao-Marcello-600x600.png 600w, https:\/\/acrj.org.br\/wp-content\/uploads\/2023\/08\/Joao-Marcello-150x150.png 150w\" sizes=\"(max-width: 692px) 100vw, 692px\" \/>\t\t\t\t\t\t\t\t\t\t\t\t\t\t\t<\/div>\n\t\t\t\t<\/div>\n\t\t\t\t<div class=\"elementor-element elementor-element-db3bd80 elementor-widget__width-initial elementor-absolute elementor-widget elementor-widget-image\" data-id=\"db3bd80\" data-element_type=\"widget\" data-e-type=\"widget\" data-settings=\"{&quot;_position&quot;:&quot;absolute&quot;}\" data-widget_type=\"image.default\">\n\t\t\t\t<div class=\"elementor-widget-container\">\n\t\t\t\t\t\t\t\t\t\t\t\t\t\t\t<img decoding=\"async\" width=\"94\" height=\"245\" src=\"https:\/\/acrj.org.br\/wp-content\/uploads\/2020\/02\/firula1_conselho.png\" class=\"attachment-medium size-medium wp-image-268\" alt=\"\" \/>\t\t\t\t\t\t\t\t\t\t\t\t\t\t\t<\/div>\n\t\t\t\t<\/div>\n\t\t\t\t<div class=\"elementor-element elementor-element-b0f9cf2 elementor-widget elementor-widget-spacer\" data-id=\"b0f9cf2\" data-element_type=\"widget\" data-e-type=\"widget\" data-widget_type=\"spacer.default\">\n\t\t\t\t<div class=\"elementor-widget-container\">\n\t\t\t\t\t\t\t<div class=\"elementor-spacer\">\n\t\t\t<div class=\"elementor-spacer-inner\"><\/div>\n\t\t<\/div>\n\t\t\t\t\t\t<\/div>\n\t\t\t\t<\/div>\n\t\t\t\t<div class=\"elementor-element elementor-element-94c0bdf elementor-absolute conselhos elementor-widget elementor-widget-text-editor\" data-id=\"94c0bdf\" data-element_type=\"widget\" data-e-type=\"widget\" data-settings=\"{&quot;_position&quot;:&quot;absolute&quot;}\" data-widget_type=\"text-editor.default\">\n\t\t\t\t<div class=\"elementor-widget-container\">\n\t\t\t\t\t\t\t\t\t<h2>Jo\u00e3o Marcello Barreto<\/h2>\n<p>Vice-Presidente<\/p>\t\t\t\t\t\t\t\t<\/div>\n\t\t\t\t<\/div>\n\t\t\t\t\t<\/div>\n\t\t<\/div>\n\t\t\t\t<div class=\"elementor-column elementor-col-16 elementor-top-column elementor-element elementor-element-002bd24\" data-id=\"002bd24\" data-element_type=\"column\" data-e-type=\"column\">\n\t\t\t<div class=\"elementor-widget-wrap\">\n\t\t\t\t\t\t\t<\/div>\n\t\t<\/div>\n\t\t\t\t<div class=\"elementor-column elementor-col-16 elementor-top-column elementor-element elementor-element-fdc9c2d\" data-id=\"fdc9c2d\" data-element_type=\"column\" data-e-type=\"column\">\n\t\t\t<div class=\"elementor-widget-wrap elementor-element-populated\">\n\t\t\t\t\t\t<div class=\"elementor-element elementor-element-a3de56b elementor-widget__width-initial elementor-widget elementor-widget-image\" data-id=\"a3de56b\" data-element_type=\"widget\" data-e-type=\"widget\" data-widget_type=\"image.default\">\n\t\t\t\t<div class=\"elementor-widget-container\">\n\t\t\t\t\t\t\t\t\t\t\t\t\t\t\t<img loading=\"lazy\" decoding=\"async\" width=\"632\" height=\"632\" src=\"https:\/\/acrj.org.br\/wp-content\/uploads\/2023\/08\/Savio.png\" class=\"attachment-full size-full wp-image-18132\" alt=\"\" srcset=\"https:\/\/acrj.org.br\/wp-content\/uploads\/2023\/08\/Savio.png 632w, https:\/\/acrj.org.br\/wp-content\/uploads\/2023\/08\/Savio-300x300.png 300w, https:\/\/acrj.org.br\/wp-content\/uploads\/2023\/08\/Savio-100x100.png 100w, https:\/\/acrj.org.br\/wp-content\/uploads\/2023\/08\/Savio-600x600.png 600w, https:\/\/acrj.org.br\/wp-content\/uploads\/2023\/08\/Savio-150x150.png 150w\" sizes=\"(max-width: 632px) 100vw, 632px\" \/>\t\t\t\t\t\t\t\t\t\t\t\t\t\t\t<\/div>\n\t\t\t\t<\/div>\n\t\t\t\t<div class=\"elementor-element elementor-element-cd7a7d2 elementor-widget__width-initial elementor-absolute elementor-widget elementor-widget-image\" data-id=\"cd7a7d2\" data-element_type=\"widget\" data-e-type=\"widget\" data-settings=\"{&quot;_position&quot;:&quot;absolute&quot;}\" data-widget_type=\"image.default\">\n\t\t\t\t<div class=\"elementor-widget-container\">\n\t\t\t\t\t\t\t\t\t\t\t\t\t\t\t<img decoding=\"async\" width=\"94\" height=\"245\" src=\"https:\/\/acrj.org.br\/wp-content\/uploads\/2020\/02\/firula1_conselho.png\" class=\"attachment-medium size-medium wp-image-268\" alt=\"\" \/>\t\t\t\t\t\t\t\t\t\t\t\t\t\t\t<\/div>\n\t\t\t\t<\/div>\n\t\t\t\t<div class=\"elementor-element elementor-element-fe9b132 elementor-widget elementor-widget-spacer\" data-id=\"fe9b132\" data-element_type=\"widget\" data-e-type=\"widget\" data-widget_type=\"spacer.default\">\n\t\t\t\t<div class=\"elementor-widget-container\">\n\t\t\t\t\t\t\t<div class=\"elementor-spacer\">\n\t\t\t<div class=\"elementor-spacer-inner\"><\/div>\n\t\t<\/div>\n\t\t\t\t\t\t<\/div>\n\t\t\t\t<\/div>\n\t\t\t\t<div class=\"elementor-element elementor-element-0a0c2e7 elementor-absolute conselhos elementor-widget elementor-widget-text-editor\" data-id=\"0a0c2e7\" data-element_type=\"widget\" data-e-type=\"widget\" data-settings=\"{&quot;_position&quot;:&quot;absolute&quot;}\" data-widget_type=\"text-editor.default\">\n\t\t\t\t<div class=\"elementor-widget-container\">\n\t\t\t\t\t\t\t\t\t<h2>S\u00c1VIO NEVES<\/h2>\n<p>Vice-Presidente<\/p>\t\t\t\t\t\t\t\t<\/div>\n\t\t\t\t<\/div>\n\t\t\t\t\t<\/div>\n\t\t<\/div>\n\t\t\t\t<div class=\"elementor-column elementor-col-16 elementor-top-column elementor-element elementor-element-b9db691\" data-id=\"b9db691\" data-element_type=\"column\" data-e-type=\"column\">\n\t\t\t<div class=\"elementor-widget-wrap\">\n\t\t\t\t\t\t\t<\/div>\n\t\t<\/div>\n\t\t\t\t\t<\/div>\n\t\t<\/section>\n\t\t\t\t<section class=\"elementor-section elementor-top-section elementor-element elementor-element-f081a23 elementor-section-boxed elementor-section-height-default elementor-section-height-default\" data-id=\"f081a23\" data-element_type=\"section\" data-e-type=\"section\">\n\t\t\t\t\t\t<div class=\"elementor-container elementor-column-gap-default\">\n\t\t\t\t\t<div class=\"elementor-column elementor-col-100 elementor-top-column elementor-element elementor-element-6550a26\" data-id=\"6550a26\" data-element_type=\"column\" data-e-type=\"column\">\n\t\t\t<div class=\"elementor-widget-wrap elementor-element-populated\">\n\t\t\t\t\t\t<div class=\"elementor-element elementor-element-1b29791 elementor-widget elementor-widget-heading\" data-id=\"1b29791\" data-element_type=\"widget\" data-e-type=\"widget\" data-widget_type=\"heading.default\">\n\t\t\t\t<div class=\"elementor-widget-container\">\n\t\t\t\t\t<h2 class=\"elementor-heading-title elementor-size-default\">MEMBROS DO CONSELHO<\/h2>\t\t\t\t<\/div>\n\t\t\t\t<\/div>\n\t\t\t\t<div class=\"elementor-element elementor-element-2e228ea membros elementor-widget elementor-widget-text-editor\" data-id=\"2e228ea\" data-element_type=\"widget\" data-e-type=\"widget\" data-widget_type=\"text-editor.default\">\n\t\t\t\t<div class=\"elementor-widget-container\">\n\t\t\t\t\t\t\t\t\t<p>Adriana Corr\u00eaa Homem de Carvalho<\/p>\n<p>Andr\u00e9ia Repsold<\/p>\n<p>Augusto Cesar Silva Sales<\/p>\n<p>Carlos Guilherme Monteiro Werneck<\/p>\n<p>Cristiana Coutinho Beltr\u00e3o<\/p>\n<p>Diogo Valle Bueno<\/p>\n<p>Gabriela Lobato Brand\u00e3o Marins<\/p>\n<p>Jose Heleno Moreira Netto<\/p>\n<p>Luiz Oscar Niemeyer Soares<\/p>\n<p>Marcello Iablonski Pinto de Fran\u00e7a<\/p>\n<p>M\u00e1rcia Regina Alonso Pfisterer<\/p>\n<p>Norma de Oliveira Alves Ferreira<\/p>\n<p>Patrick Jasper Fehring<\/p>\n<p>Pedro Augusto Corr\u00eaa Netto Guimar\u00e3es<\/p>\n<p>Rafael \u00c1vila Cardoso<\/p>\n<p>Raphael Jos\u00e9 de Oliveira Barreto<\/p>\n<p>Viviane Fernandes<\/p>\t\t\t\t\t\t\t\t<\/div>\n\t\t\t\t<\/div>\n\t\t\t\t\t<\/div>\n\t\t<\/div>\n\t\t\t\t\t<\/div>\n\t\t<\/section>\n\t\t\t\t<\/div>\n\t\t","protected":false},"excerpt":{"rendered":"<p>Seu objetivo \u00e9 colaborar na formula\u00e7\u00e3o e na implanta\u00e7\u00e3o de pol\u00edticas de desenvolvimento do turismo, traduzindo a opini\u00e3o dos empres\u00e1rios dos v\u00e1rios setores e apontando&hellip;<\/p>\n","protected":false},"author":9,"featured_media":0,"parent":0,"menu_order":0,"comment_status":"closed","ping_status":"closed","template":"","meta":{"_exactmetrics_skip_tracking":false,"_exactmetrics_sitenote_active":false,"_exactmetrics_sitenote_note":"","_exactmetrics_sitenote_category":0,"footnotes":""},"class_list":["post-180","page","type-page","status-publish","hentry"],"_links":{"self":[{"href":"https:\/\/acrj.org.br\/index.php\/wp-json\/wp\/v2\/pages\/180","targetHints":{"allow":["GET"]}}],"collection":[{"href":"https:\/\/acrj.org.br\/index.php\/wp-json\/wp\/v2\/pages"}],"about":[{"href":"https:\/\/acrj.org.br\/index.php\/wp-json\/wp\/v2\/types\/page"}],"author":[{"embeddable":true,"href":"https:\/\/acrj.org.br\/index.php\/wp-json\/wp\/v2\/users\/9"}],"replies":[{"embeddable":true,"href":"https:\/\/acrj.org.br\/index.php\/wp-json\/wp\/v2\/comments?post=180"}],"version-history":[{"count":0,"href":"https:\/\/acrj.org.br\/index.php\/wp-json\/wp\/v2\/pages\/180\/revisions"}],"wp:attachment":[{"href":"https:\/\/acrj.org.br\/index.php\/wp-json\/wp\/v2\/media?parent=180"}],"curies":[{"name":"wp","href":"https:\/\/api.w.org\/{rel}","templated":true}]}}