{"id":170,"date":"2020-02-06T10:08:19","date_gmt":"2020-02-06T13:08:19","guid":{"rendered":"http:\/\/acrj2020.profissional.ws\/?page_id=170"},"modified":"2025-12-18T11:59:26","modified_gmt":"2025-12-18T14:59:26","slug":"empresarial-de-medicina-e-saude","status":"publish","type":"page","link":"https:\/\/acrj.org.br\/index.php\/empresarial-de-medicina-e-saude\/","title":{"rendered":"CONSELHO EMPRESARIAL DO ECOSSISTEMA DA SA\u00daDE"},"content":{"rendered":"\t\t<div data-elementor-type=\"wp-page\" data-elementor-id=\"170\" class=\"elementor elementor-170\" data-elementor-post-type=\"page\">\n\t\t\t\t\t\t<section class=\"elementor-section elementor-top-section elementor-element elementor-element-8186994 elementor-hidden-desktop elementor-hidden-tablet elementor-hidden-mobile elementor-section-boxed elementor-section-height-default elementor-section-height-default\" data-id=\"8186994\" data-element_type=\"section\" data-e-type=\"section\">\n\t\t\t\t\t\t<div class=\"elementor-container elementor-column-gap-default\">\n\t\t\t\t\t<div class=\"elementor-column elementor-col-100 elementor-top-column elementor-element elementor-element-eee1a2f\" data-id=\"eee1a2f\" data-element_type=\"column\" data-e-type=\"column\">\n\t\t\t<div class=\"elementor-widget-wrap elementor-element-populated\">\n\t\t\t\t\t\t<div class=\"elementor-element elementor-element-6ddd4cb elementor-widget elementor-widget-text-editor\" data-id=\"6ddd4cb\" data-element_type=\"widget\" data-e-type=\"widget\" data-widget_type=\"text-editor.default\">\n\t\t\t\t<div class=\"elementor-widget-container\">\n\t\t\t\t\t\t\t\t\t<p>Seu objetivo \u00e9 fomentar iniciativas nos setores p\u00fablico e privado para aumentar o acesso da popula\u00e7\u00e3o aos cuidados de sa\u00fade, com qualidade assistencial e de forma sustent\u00e1vel.<\/p><p><!-- \/wp:paragraph --><\/p>\t\t\t\t\t\t\t\t<\/div>\n\t\t\t\t<\/div>\n\t\t\t\t\t<\/div>\n\t\t<\/div>\n\t\t\t\t\t<\/div>\n\t\t<\/section>\n\t\t\t\t<section class=\"elementor-section elementor-top-section elementor-element elementor-element-532552b elementor-section-boxed elementor-section-height-default elementor-section-height-default\" data-id=\"532552b\" data-element_type=\"section\" data-e-type=\"section\">\n\t\t\t\t\t\t<div class=\"elementor-container elementor-column-gap-default\">\n\t\t\t\t\t<div class=\"elementor-column elementor-col-20 elementor-top-column elementor-element elementor-element-fc7e8b9\" data-id=\"fc7e8b9\" data-element_type=\"column\" data-e-type=\"column\">\n\t\t\t<div class=\"elementor-widget-wrap\">\n\t\t\t\t\t\t\t<\/div>\n\t\t<\/div>\n\t\t\t\t<div class=\"elementor-column elementor-col-20 elementor-top-column elementor-element elementor-element-5864d3e\" data-id=\"5864d3e\" data-element_type=\"column\" data-e-type=\"column\">\n\t\t\t<div class=\"elementor-widget-wrap elementor-element-populated\">\n\t\t\t\t\t\t<div class=\"elementor-element elementor-element-1e95397 elementor-widget__width-initial elementor-widget elementor-widget-image\" data-id=\"1e95397\" data-element_type=\"widget\" data-e-type=\"widget\" data-widget_type=\"image.default\">\n\t\t\t\t<div class=\"elementor-widget-container\">\n\t\t\t\t\t\t\t\t\t\t\t\t\t\t\t<img fetchpriority=\"high\" decoding=\"async\" width=\"1500\" height=\"1500\" src=\"https:\/\/acrj.org.br\/wp-content\/uploads\/2025\/04\/logotipo_acrj_quadrado_azul_completo.png\" class=\"attachment-full size-full wp-image-35855\" alt=\"\" srcset=\"https:\/\/acrj.org.br\/wp-content\/uploads\/2025\/04\/logotipo_acrj_quadrado_azul_completo.png 1500w, https:\/\/acrj.org.br\/wp-content\/uploads\/2025\/04\/logotipo_acrj_quadrado_azul_completo-300x300.png 300w, https:\/\/acrj.org.br\/wp-content\/uploads\/2025\/04\/logotipo_acrj_quadrado_azul_completo-1024x1024.png 1024w, https:\/\/acrj.org.br\/wp-content\/uploads\/2025\/04\/logotipo_acrj_quadrado_azul_completo-150x150.png 150w, https:\/\/acrj.org.br\/wp-content\/uploads\/2025\/04\/logotipo_acrj_quadrado_azul_completo-768x768.png 768w, https:\/\/acrj.org.br\/wp-content\/uploads\/2025\/04\/elementor\/thumbs\/logotipo_acrj_quadrado_azul_completo-r5086r4sory3hgpm0a4pj37sezfcxf5s08tpy2sim8.png 800w\" sizes=\"(max-width: 1500px) 100vw, 1500px\" \/>\t\t\t\t\t\t\t\t\t\t\t\t\t\t\t<\/div>\n\t\t\t\t<\/div>\n\t\t\t\t<div class=\"elementor-element elementor-element-810f798 elementor-widget__width-initial elementor-absolute elementor-widget elementor-widget-image\" data-id=\"810f798\" data-element_type=\"widget\" data-e-type=\"widget\" data-settings=\"{&quot;_position&quot;:&quot;absolute&quot;}\" data-widget_type=\"image.default\">\n\t\t\t\t<div class=\"elementor-widget-container\">\n\t\t\t\t\t\t\t\t\t\t\t\t\t\t\t<img decoding=\"async\" width=\"94\" height=\"245\" src=\"https:\/\/acrj.org.br\/wp-content\/uploads\/2020\/02\/firula1_conselho.png\" class=\"attachment-medium size-medium wp-image-268\" alt=\"\" \/>\t\t\t\t\t\t\t\t\t\t\t\t\t\t\t<\/div>\n\t\t\t\t<\/div>\n\t\t\t\t<div class=\"elementor-element elementor-element-c415e6b elementor-absolute conselhos elementor-widget elementor-widget-text-editor\" data-id=\"c415e6b\" data-element_type=\"widget\" data-e-type=\"widget\" data-settings=\"{&quot;_position&quot;:&quot;absolute&quot;}\" data-widget_type=\"text-editor.default\">\n\t\t\t\t<div class=\"elementor-widget-container\">\n\t\t\t\t\t\t\t\t\t<h2>Leandro Tavares<\/h2><p>PRESIDENTE<\/p>\t\t\t\t\t\t\t\t<\/div>\n\t\t\t\t<\/div>\n\t\t\t\t<div class=\"elementor-element elementor-element-9ea4b9b elementor-widget elementor-widget-spacer\" data-id=\"9ea4b9b\" data-element_type=\"widget\" data-e-type=\"widget\" data-widget_type=\"spacer.default\">\n\t\t\t\t<div class=\"elementor-widget-container\">\n\t\t\t\t\t\t\t<div class=\"elementor-spacer\">\n\t\t\t<div class=\"elementor-spacer-inner\"><\/div>\n\t\t<\/div>\n\t\t\t\t\t\t<\/div>\n\t\t\t\t<\/div>\n\t\t\t\t\t<\/div>\n\t\t<\/div>\n\t\t\t\t<div class=\"elementor-column elementor-col-20 elementor-top-column elementor-element elementor-element-d9b8d70\" data-id=\"d9b8d70\" data-element_type=\"column\" data-e-type=\"column\">\n\t\t\t<div class=\"elementor-widget-wrap\">\n\t\t\t\t\t\t\t<\/div>\n\t\t<\/div>\n\t\t\t\t<div class=\"elementor-column elementor-col-20 elementor-top-column elementor-element elementor-element-324234e\" data-id=\"324234e\" data-element_type=\"column\" data-e-type=\"column\">\n\t\t\t<div class=\"elementor-widget-wrap elementor-element-populated\">\n\t\t\t\t\t\t<div class=\"elementor-element elementor-element-4811cb4 elementor-widget__width-initial elementor-widget elementor-widget-image\" data-id=\"4811cb4\" data-element_type=\"widget\" data-e-type=\"widget\" data-widget_type=\"image.default\">\n\t\t\t\t<div class=\"elementor-widget-container\">\n\t\t\t\t\t\t\t\t\t\t\t\t\t\t\t<img decoding=\"async\" src=\"https:\/\/acrj.org.br\/wp-content\/uploads\/elementor\/thumbs\/logotipo_acrj_quadrado_azul_completo-r5086r4sory3hgpm0a4pj37sezfcxf5s08tpy2sim8.png\" title=\"logotipo_acrj_quadrado_azul_completo\" alt=\"logotipo_acrj_quadrado_azul_completo\" loading=\"lazy\" \/>\t\t\t\t\t\t\t\t\t\t\t\t\t\t\t<\/div>\n\t\t\t\t<\/div>\n\t\t\t\t<div class=\"elementor-element elementor-element-081bfae elementor-widget elementor-widget-spacer\" data-id=\"081bfae\" data-element_type=\"widget\" data-e-type=\"widget\" data-widget_type=\"spacer.default\">\n\t\t\t\t<div class=\"elementor-widget-container\">\n\t\t\t\t\t\t\t<div class=\"elementor-spacer\">\n\t\t\t<div class=\"elementor-spacer-inner\"><\/div>\n\t\t<\/div>\n\t\t\t\t\t\t<\/div>\n\t\t\t\t<\/div>\n\t\t\t\t<div class=\"elementor-element elementor-element-212562c elementor-absolute conselhos elementor-widget elementor-widget-text-editor\" data-id=\"212562c\" data-element_type=\"widget\" data-e-type=\"widget\" data-settings=\"{&quot;_position&quot;:&quot;absolute&quot;}\" data-widget_type=\"text-editor.default\">\n\t\t\t\t<div class=\"elementor-widget-container\">\n\t\t\t\t\t\t\t\t\t<h2>Jorge Raimundo<\/h2><p>Vice-Presidente<\/p>\t\t\t\t\t\t\t\t<\/div>\n\t\t\t\t<\/div>\n\t\t\t\t<div class=\"elementor-element elementor-element-efcdc78 elementor-widget__width-initial elementor-absolute elementor-widget elementor-widget-image\" data-id=\"efcdc78\" data-element_type=\"widget\" data-e-type=\"widget\" data-settings=\"{&quot;_position&quot;:&quot;absolute&quot;}\" data-widget_type=\"image.default\">\n\t\t\t\t<div class=\"elementor-widget-container\">\n\t\t\t\t\t\t\t\t\t\t\t\t\t\t\t<img decoding=\"async\" width=\"94\" height=\"245\" src=\"https:\/\/acrj.org.br\/wp-content\/uploads\/2020\/02\/firula1_conselho.png\" class=\"attachment-medium size-medium wp-image-268\" alt=\"\" \/>\t\t\t\t\t\t\t\t\t\t\t\t\t\t\t<\/div>\n\t\t\t\t<\/div>\n\t\t\t\t\t<\/div>\n\t\t<\/div>\n\t\t\t\t<div class=\"elementor-column elementor-col-20 elementor-top-column elementor-element elementor-element-9e7b02a\" data-id=\"9e7b02a\" data-element_type=\"column\" data-e-type=\"column\">\n\t\t\t<div class=\"elementor-widget-wrap\">\n\t\t\t\t\t\t\t<\/div>\n\t\t<\/div>\n\t\t\t\t\t<\/div>\n\t\t<\/section>\n\t\t\t\t<section class=\"elementor-section elementor-top-section elementor-element elementor-element-5f04317 elementor-section-boxed elementor-section-height-default elementor-section-height-default\" data-id=\"5f04317\" data-element_type=\"section\" data-e-type=\"section\">\n\t\t\t\t\t\t<div class=\"elementor-container elementor-column-gap-default\">\n\t\t\t\t\t<div class=\"elementor-column elementor-col-100 elementor-top-column elementor-element elementor-element-76a797d\" data-id=\"76a797d\" data-element_type=\"column\" data-e-type=\"column\">\n\t\t\t<div class=\"elementor-widget-wrap elementor-element-populated\">\n\t\t\t\t\t\t<div class=\"elementor-element elementor-element-d34079f elementor-widget elementor-widget-heading\" data-id=\"d34079f\" data-element_type=\"widget\" data-e-type=\"widget\" data-widget_type=\"heading.default\">\n\t\t\t\t<div class=\"elementor-widget-container\">\n\t\t\t\t\t<h2 class=\"elementor-heading-title elementor-size-default\">MEMBROS DO CONSELHO<\/h2>\t\t\t\t<\/div>\n\t\t\t\t<\/div>\n\t\t\t\t<div class=\"elementor-element elementor-element-86f3c04 membros elementor-widget elementor-widget-text-editor\" data-id=\"86f3c04\" data-element_type=\"widget\" data-e-type=\"widget\" data-widget_type=\"text-editor.default\">\n\t\t\t\t<div class=\"elementor-widget-container\">\n\t\t\t\t\t\t\t\t\t<p>Adriana Costa<\/p><p>Bruno Sobral de Carvalho<\/p><p>C\u00e9lia Regina da Silva<\/p><p>Clarissa Maria de Araujo Frossard Ferreira<\/p><p>Cristina Quadrat Silva<\/p><p>Daniel Soranz<\/p><p>Francisco Roberto Balestrin de Andrade<\/p><p>Franco Maria Giuseppe Pallamolla<\/p><p>Germana Lyra Bahr<\/p><p>Gilberto Ururahy<\/p><p>H\u00e9lio Magarinos Torres Filho<\/p><p>Isabella de Queiroz Sequeiros Tanure Correa<\/p><p>Jairo Henrique de Oliveira Silva Fernandes Pereira<\/p><p>Jos\u00e9 Waldir Vasconcelos Leop\u00e9rcio Junior<\/p><p>Lauro Garcia<\/p><p>Lourival Nunes<\/p><p>Luis Augusto Tavares Russo<\/p><p>Luiz Ant\u00f4nio de Souza Teixeira Junior<\/p><p>Nelson Augusto Mussolini<\/p><p>Pedro Iencarelli<\/p><p>Renato Alencar Porto<\/p><p>Renato Freire Casarotti<\/p><p>Ricardo Farias Junior<\/p><p>Roberto de Almeida Gil<\/p><p>Tiago Velloso de Carvalho<\/p>\t\t\t\t\t\t\t\t<\/div>\n\t\t\t\t<\/div>\n\t\t\t\t\t<\/div>\n\t\t<\/div>\n\t\t\t\t\t<\/div>\n\t\t<\/section>\n\t\t\t\t<\/div>\n\t\t","protected":false},"excerpt":{"rendered":"<p>Seu objetivo \u00e9 fomentar iniciativas nos setores p\u00fablico e privado para aumentar o acesso da popula\u00e7\u00e3o aos cuidados de sa\u00fade, com qualidade assistencial e de&hellip;<\/p>\n","protected":false},"author":9,"featured_media":0,"parent":0,"menu_order":0,"comment_status":"closed","ping_status":"closed","template":"","meta":{"_exactmetrics_skip_tracking":false,"_exactmetrics_sitenote_active":false,"_exactmetrics_sitenote_note":"","_exactmetrics_sitenote_category":0,"footnotes":""},"class_list":["post-170","page","type-page","status-publish","hentry"],"_links":{"self":[{"href":"https:\/\/acrj.org.br\/index.php\/wp-json\/wp\/v2\/pages\/170","targetHints":{"allow":["GET"]}}],"collection":[{"href":"https:\/\/acrj.org.br\/index.php\/wp-json\/wp\/v2\/pages"}],"about":[{"href":"https:\/\/acrj.org.br\/index.php\/wp-json\/wp\/v2\/types\/page"}],"author":[{"embeddable":true,"href":"https:\/\/acrj.org.br\/index.php\/wp-json\/wp\/v2\/users\/9"}],"replies":[{"embeddable":true,"href":"https:\/\/acrj.org.br\/index.php\/wp-json\/wp\/v2\/comments?post=170"}],"version-history":[{"count":0,"href":"https:\/\/acrj.org.br\/index.php\/wp-json\/wp\/v2\/pages\/170\/revisions"}],"wp:attachment":[{"href":"https:\/\/acrj.org.br\/index.php\/wp-json\/wp\/v2\/media?parent=170"}],"curies":[{"name":"wp","href":"https:\/\/api.w.org\/{rel}","templated":true}]}}