{"id":168,"date":"2020-02-06T10:07:24","date_gmt":"2020-02-06T13:07:24","guid":{"rendered":"http:\/\/acrj2020.profissional.ws\/?page_id=168"},"modified":"2026-02-11T22:52:16","modified_gmt":"2026-02-12T01:52:16","slug":"empresarial-de-logistica-e-transporte","status":"publish","type":"page","link":"https:\/\/acrj.org.br\/index.php\/empresarial-de-logistica-e-transporte\/","title":{"rendered":"CONSELHO EMPRESARIAL DE LOG\u00cdSTICA E TRANSPORTE"},"content":{"rendered":"\t\t<div data-elementor-type=\"wp-page\" data-elementor-id=\"168\" class=\"elementor elementor-168\" data-elementor-post-type=\"page\">\n\t\t\t\t\t\t<section class=\"elementor-section elementor-top-section elementor-element elementor-element-358c61c8 elementor-section-boxed elementor-section-height-default elementor-section-height-default\" data-id=\"358c61c8\" data-element_type=\"section\" data-e-type=\"section\">\n\t\t\t\t\t\t<div class=\"elementor-container elementor-column-gap-default\">\n\t\t\t\t\t<div class=\"elementor-column elementor-col-100 elementor-top-column elementor-element elementor-element-5a26956e\" data-id=\"5a26956e\" data-element_type=\"column\" data-e-type=\"column\">\n\t\t\t<div class=\"elementor-widget-wrap elementor-element-populated\">\n\t\t\t\t\t\t<div class=\"elementor-element elementor-element-7035923c elementor-widget elementor-widget-text-editor\" data-id=\"7035923c\" data-element_type=\"widget\" data-e-type=\"widget\" data-widget_type=\"text-editor.default\">\n\t\t\t\t<div class=\"elementor-widget-container\">\n\t\t\t\t\t\t\t\t\t<p>Tem por objetivo reduzir custos e tornar eficaz a realiza\u00e7\u00e3o da concep\u00e7\u00e3o moderna dos transportes, na mobilidade urbana e na log\u00edstica em geral, notadamente com a otimiza\u00e7\u00e3o dos servi\u00e7os aos usu\u00e1rios.<\/p>\t\t\t\t\t\t\t\t<\/div>\n\t\t\t\t<\/div>\n\t\t\t\t\t<\/div>\n\t\t<\/div>\n\t\t\t\t\t<\/div>\n\t\t<\/section>\n\t\t\t\t<section class=\"elementor-section elementor-top-section elementor-element elementor-element-d3388d6 elementor-section-boxed elementor-section-height-default elementor-section-height-default\" data-id=\"d3388d6\" data-element_type=\"section\" data-e-type=\"section\">\n\t\t\t\t\t\t<div class=\"elementor-container elementor-column-gap-default\">\n\t\t\t\t\t<div class=\"elementor-column elementor-col-20 elementor-top-column elementor-element elementor-element-b46a06d\" data-id=\"b46a06d\" data-element_type=\"column\" data-e-type=\"column\">\n\t\t\t<div class=\"elementor-widget-wrap\">\n\t\t\t\t\t\t\t<\/div>\n\t\t<\/div>\n\t\t\t\t<div class=\"elementor-column elementor-col-20 elementor-top-column elementor-element elementor-element-d130b36\" data-id=\"d130b36\" data-element_type=\"column\" data-e-type=\"column\">\n\t\t\t<div class=\"elementor-widget-wrap elementor-element-populated\">\n\t\t\t\t\t\t<div class=\"elementor-element elementor-element-3b2dcab elementor-widget__width-initial elementor-widget elementor-widget-image\" data-id=\"3b2dcab\" data-element_type=\"widget\" data-e-type=\"widget\" data-widget_type=\"image.default\">\n\t\t\t\t<div class=\"elementor-widget-container\">\n\t\t\t\t\t\t\t\t\t\t\t\t\t\t\t<img decoding=\"async\" src=\"https:\/\/acrj.org.br\/wp-content\/uploads\/elementor\/thumbs\/logistica-e-transportes_vice_Eduardo-Rebuzzi-ou6ab97h8e1xobake462osvdioqctrx0ghb6wz24ow.jpg\" title=\"logistica e transportes_vice_Eduardo Rebuzzi\" alt=\"logistica e transportes_vice_Eduardo Rebuzzi\" loading=\"lazy\" \/>\t\t\t\t\t\t\t\t\t\t\t\t\t\t\t<\/div>\n\t\t\t\t<\/div>\n\t\t\t\t<div class=\"elementor-element elementor-element-45e3c75 elementor-widget__width-initial elementor-absolute elementor-widget elementor-widget-image\" data-id=\"45e3c75\" data-element_type=\"widget\" data-e-type=\"widget\" data-settings=\"{&quot;_position&quot;:&quot;absolute&quot;}\" data-widget_type=\"image.default\">\n\t\t\t\t<div class=\"elementor-widget-container\">\n\t\t\t\t\t\t\t\t\t\t\t\t\t\t\t<img decoding=\"async\" width=\"94\" height=\"245\" src=\"https:\/\/acrj.org.br\/wp-content\/uploads\/2020\/02\/firula1_conselho.png\" class=\"attachment-medium size-medium wp-image-268\" alt=\"\" \/>\t\t\t\t\t\t\t\t\t\t\t\t\t\t\t<\/div>\n\t\t\t\t<\/div>\n\t\t\t\t<div class=\"elementor-element elementor-element-e66ca93 elementor-absolute conselhos elementor-widget elementor-widget-text-editor\" data-id=\"e66ca93\" data-element_type=\"widget\" data-e-type=\"widget\" data-settings=\"{&quot;_position&quot;:&quot;absolute&quot;}\" data-widget_type=\"text-editor.default\">\n\t\t\t\t<div class=\"elementor-widget-container\">\n\t\t\t\t\t\t\t\t\t<h2>Eduardo Rebuzzi<\/h2><p>PRESIDENTE<\/p>\t\t\t\t\t\t\t\t<\/div>\n\t\t\t\t<\/div>\n\t\t\t\t<div class=\"elementor-element elementor-element-fa9bdeb elementor-widget elementor-widget-spacer\" data-id=\"fa9bdeb\" data-element_type=\"widget\" data-e-type=\"widget\" data-widget_type=\"spacer.default\">\n\t\t\t\t<div class=\"elementor-widget-container\">\n\t\t\t\t\t\t\t<div class=\"elementor-spacer\">\n\t\t\t<div class=\"elementor-spacer-inner\"><\/div>\n\t\t<\/div>\n\t\t\t\t\t\t<\/div>\n\t\t\t\t<\/div>\n\t\t\t\t\t<\/div>\n\t\t<\/div>\n\t\t\t\t<div class=\"elementor-column elementor-col-20 elementor-top-column elementor-element elementor-element-9963890\" data-id=\"9963890\" data-element_type=\"column\" data-e-type=\"column\">\n\t\t\t<div class=\"elementor-widget-wrap\">\n\t\t\t\t\t\t\t<\/div>\n\t\t<\/div>\n\t\t\t\t<div class=\"elementor-column elementor-col-20 elementor-top-column elementor-element elementor-element-58645e7\" data-id=\"58645e7\" data-element_type=\"column\" data-e-type=\"column\">\n\t\t\t<div class=\"elementor-widget-wrap elementor-element-populated\">\n\t\t\t\t\t\t<div class=\"elementor-element elementor-element-84758e8 elementor-widget__width-initial elementor-widget elementor-widget-image\" data-id=\"84758e8\" data-element_type=\"widget\" data-e-type=\"widget\" data-widget_type=\"image.default\">\n\t\t\t\t<div class=\"elementor-widget-container\">\n\t\t\t\t\t\t\t\t\t\t\t\t\t\t\t<img decoding=\"async\" src=\"https:\/\/acrj.org.br\/wp-content\/uploads\/elementor\/thumbs\/logisitica-e-trsnportes_Delmo-Pinho-1-ou6ab89n1k0ncpbxjlrg4b3wxauzm2ta4cnpfp3iv4.jpg\" title=\"logisitica e trsnportes_Delmo Pinho\" alt=\"logisitica e trsnportes_Delmo Pinho\" loading=\"lazy\" \/>\t\t\t\t\t\t\t\t\t\t\t\t\t\t\t<\/div>\n\t\t\t\t<\/div>\n\t\t\t\t<div class=\"elementor-element elementor-element-66c3fb7 elementor-widget elementor-widget-spacer\" data-id=\"66c3fb7\" data-element_type=\"widget\" data-e-type=\"widget\" data-widget_type=\"spacer.default\">\n\t\t\t\t<div class=\"elementor-widget-container\">\n\t\t\t\t\t\t\t<div class=\"elementor-spacer\">\n\t\t\t<div class=\"elementor-spacer-inner\"><\/div>\n\t\t<\/div>\n\t\t\t\t\t\t<\/div>\n\t\t\t\t<\/div>\n\t\t\t\t<div class=\"elementor-element elementor-element-d418a86 elementor-absolute conselhos elementor-widget elementor-widget-text-editor\" data-id=\"d418a86\" data-element_type=\"widget\" data-e-type=\"widget\" data-settings=\"{&quot;_position&quot;:&quot;absolute&quot;}\" data-widget_type=\"text-editor.default\">\n\t\t\t\t<div class=\"elementor-widget-container\">\n\t\t\t\t\t\t\t\t\t<h2>Delmo Pinho<\/h2><p>Vice-Presidente<\/p>\t\t\t\t\t\t\t\t<\/div>\n\t\t\t\t<\/div>\n\t\t\t\t<div class=\"elementor-element elementor-element-a3e2662 elementor-widget__width-initial elementor-absolute elementor-widget elementor-widget-image\" data-id=\"a3e2662\" data-element_type=\"widget\" data-e-type=\"widget\" data-settings=\"{&quot;_position&quot;:&quot;absolute&quot;}\" data-widget_type=\"image.default\">\n\t\t\t\t<div class=\"elementor-widget-container\">\n\t\t\t\t\t\t\t\t\t\t\t\t\t\t\t<img decoding=\"async\" width=\"94\" height=\"245\" src=\"https:\/\/acrj.org.br\/wp-content\/uploads\/2020\/02\/firula1_conselho.png\" class=\"attachment-medium size-medium wp-image-268\" alt=\"\" \/>\t\t\t\t\t\t\t\t\t\t\t\t\t\t\t<\/div>\n\t\t\t\t<\/div>\n\t\t\t\t\t<\/div>\n\t\t<\/div>\n\t\t\t\t<div class=\"elementor-column elementor-col-20 elementor-top-column elementor-element elementor-element-d4621f4\" data-id=\"d4621f4\" data-element_type=\"column\" data-e-type=\"column\">\n\t\t\t<div class=\"elementor-widget-wrap\">\n\t\t\t\t\t\t\t<\/div>\n\t\t<\/div>\n\t\t\t\t\t<\/div>\n\t\t<\/section>\n\t\t\t\t<section class=\"elementor-section elementor-top-section elementor-element elementor-element-d745a2a elementor-section-boxed elementor-section-height-default elementor-section-height-default\" data-id=\"d745a2a\" data-element_type=\"section\" data-e-type=\"section\">\n\t\t\t\t\t\t<div class=\"elementor-container elementor-column-gap-default\">\n\t\t\t\t\t<div class=\"elementor-column elementor-col-100 elementor-top-column elementor-element elementor-element-495c484\" data-id=\"495c484\" data-element_type=\"column\" data-e-type=\"column\">\n\t\t\t<div class=\"elementor-widget-wrap elementor-element-populated\">\n\t\t\t\t\t\t<div class=\"elementor-element elementor-element-b5bb365 elementor-widget elementor-widget-heading\" data-id=\"b5bb365\" data-element_type=\"widget\" data-e-type=\"widget\" data-widget_type=\"heading.default\">\n\t\t\t\t<div class=\"elementor-widget-container\">\n\t\t\t\t\t<h2 class=\"elementor-heading-title elementor-size-default\">MEMBROS DO CONSELHO<\/h2>\t\t\t\t<\/div>\n\t\t\t\t<\/div>\n\t\t\t\t<div class=\"elementor-element elementor-element-75482b1 membros elementor-widget elementor-widget-text-editor\" data-id=\"75482b1\" data-element_type=\"widget\" data-e-type=\"widget\" data-widget_type=\"text-editor.default\">\n\t\t\t\t<div class=\"elementor-widget-container\">\n\t\t\t\t\t\t\t\t\t<p>Alexandre Jos\u00e9 Guerra de Castro Monteiro<\/p><p>Alisson Freire<\/p><p>Alu\u00edsio de Souza Sobreira<\/p><p>Andr\u00e9 de Seixas Ponce Alves<\/p><p>Armando Guerra Junior<\/p><p>Carlos Alberto M\u00fcller<\/p><p>Celia Daumas<\/p><p>C\u00e9lia Regina Gomes<\/p><p>Eduardo Miguez<\/p><p>Eduardo Valeriano Alves<\/p><p>Fernando Alves Vieira<\/p><p>Filipe da Costa Coelho<\/p><p>Francisco Jos\u00e9 Robertson Pinto<\/p><p>Guilherme Ramalho<\/p><p>H\u00e9lio Cabral Moreira<\/p><p>\u00cdcaro Moreno\u00a0J\u00fanior<\/p><p>Jo\u00e3o Gouveia Ferr\u00e3o Neto<\/p><p>Jorge Fernandes da Cunha Filho<\/p><p>Jorge Fernando do Monte Pinto<\/p><p>Jorge Murilo dos Santos Correa<\/p><p>Jos\u00e9 Afonso Cerrone de Souza<\/p><p>Jos\u00e9 Augusto da Fonseca Valente<\/p><p>Luiz Velloso<\/p><p>Marcos Oberlaender Cunha<\/p><p>Mauro Ribeiro Viegas Filho<\/p><p>Murilo Siqueira Junqueira<\/p><p>Paulo Antonio de Lello<\/p><p>Ricardo Vieira Lima Magalh\u00e3es Gondim<\/p><p>Richele Cabral Gon\u00e7alves<\/p><p>Rita de C\u00e1ssia Marcelino Fernandes<\/p><p>Roberto Lopes<\/p><p>Rosa Maria Cassar de Oliveira<\/p><p>S\u00e9rgio Peres Martins Vianna<\/p><p>Silvio Ferreira de Carvalho<\/p><p>Thomas Klien<\/p><p>Vinicius Feitosa Pimenta<\/p><p>Willian Alberto de Aquino Pereira<\/p>\t\t\t\t\t\t\t\t<\/div>\n\t\t\t\t<\/div>\n\t\t\t\t\t<\/div>\n\t\t<\/div>\n\t\t\t\t\t<\/div>\n\t\t<\/section>\n\t\t\t\t<\/div>\n\t\t","protected":false},"excerpt":{"rendered":"<p>Tem por objetivo reduzir custos e tornar eficaz a realiza\u00e7\u00e3o da concep\u00e7\u00e3o moderna dos transportes, na mobilidade urbana e na log\u00edstica em geral, notadamente com&hellip;<\/p>\n","protected":false},"author":9,"featured_media":0,"parent":0,"menu_order":0,"comment_status":"closed","ping_status":"closed","template":"","meta":{"_exactmetrics_skip_tracking":false,"_exactmetrics_sitenote_active":false,"_exactmetrics_sitenote_note":"","_exactmetrics_sitenote_category":0,"footnotes":""},"class_list":["post-168","page","type-page","status-publish","hentry"],"_links":{"self":[{"href":"https:\/\/acrj.org.br\/index.php\/wp-json\/wp\/v2\/pages\/168","targetHints":{"allow":["GET"]}}],"collection":[{"href":"https:\/\/acrj.org.br\/index.php\/wp-json\/wp\/v2\/pages"}],"about":[{"href":"https:\/\/acrj.org.br\/index.php\/wp-json\/wp\/v2\/types\/page"}],"author":[{"embeddable":true,"href":"https:\/\/acrj.org.br\/index.php\/wp-json\/wp\/v2\/users\/9"}],"replies":[{"embeddable":true,"href":"https:\/\/acrj.org.br\/index.php\/wp-json\/wp\/v2\/comments?post=168"}],"version-history":[{"count":6,"href":"https:\/\/acrj.org.br\/index.php\/wp-json\/wp\/v2\/pages\/168\/revisions"}],"predecessor-version":[{"id":41690,"href":"https:\/\/acrj.org.br\/index.php\/wp-json\/wp\/v2\/pages\/168\/revisions\/41690"}],"wp:attachment":[{"href":"https:\/\/acrj.org.br\/index.php\/wp-json\/wp\/v2\/media?parent=168"}],"curies":[{"name":"wp","href":"https:\/\/api.w.org\/{rel}","templated":true}]}}