{"id":16750,"date":"2023-07-10T14:49:45","date_gmt":"2023-07-10T17:49:45","guid":{"rendered":"https:\/\/acrj.org.br\/?page_id=16750"},"modified":"2026-04-06T17:34:35","modified_gmt":"2026-04-06T20:34:35","slug":"conselho-empresarial-de-varejo","status":"publish","type":"page","link":"https:\/\/acrj.org.br\/index.php\/conselho-empresarial-de-varejo\/","title":{"rendered":"CONSELHO EMPRESARIAL DE VAREJO"},"content":{"rendered":"\t\t<div data-elementor-type=\"wp-page\" data-elementor-id=\"16750\" class=\"elementor elementor-16750\" data-elementor-post-type=\"page\">\n\t\t\t\t\t\t<section class=\"elementor-section elementor-top-section elementor-element elementor-element-3ec61f1 elementor-hidden-desktop elementor-hidden-tablet elementor-hidden-mobile elementor-section-boxed elementor-section-height-default elementor-section-height-default\" data-id=\"3ec61f1\" data-element_type=\"section\" data-e-type=\"section\">\n\t\t\t\t\t\t<div class=\"elementor-container elementor-column-gap-default\">\n\t\t\t\t\t<div class=\"elementor-column elementor-col-100 elementor-top-column elementor-element elementor-element-f627ffc\" data-id=\"f627ffc\" data-element_type=\"column\" data-e-type=\"column\">\n\t\t\t<div class=\"elementor-widget-wrap elementor-element-populated\">\n\t\t\t\t\t\t<div class=\"elementor-element elementor-element-7f0b176 elementor-nav-menu__align-center elementor-nav-menu--dropdown-tablet elementor-nav-menu__text-align-aside elementor-nav-menu--toggle elementor-nav-menu--burger elementor-widget elementor-widget-nav-menu\" data-id=\"7f0b176\" data-element_type=\"widget\" data-e-type=\"widget\" data-settings=\"{&quot;layout&quot;:&quot;horizontal&quot;,&quot;submenu_icon&quot;:{&quot;value&quot;:&quot;&lt;i class=\\&quot;fas fa-caret-down\\&quot; aria-hidden=\\&quot;true\\&quot;&gt;&lt;\\\/i&gt;&quot;,&quot;library&quot;:&quot;fa-solid&quot;},&quot;toggle&quot;:&quot;burger&quot;}\" data-widget_type=\"nav-menu.default\">\n\t\t\t\t<div class=\"elementor-widget-container\">\n\t\t\t\t\t\t\t\t<nav aria-label=\"Menu\" class=\"elementor-nav-menu--main elementor-nav-menu__container elementor-nav-menu--layout-horizontal e--pointer-underline e--animation-fade\">\n\t\t\t\t<ul id=\"menu-1-7f0b176\" class=\"elementor-nav-menu\"><li class=\"menu-item menu-item-type-post_type menu-item-object-page menu-item-21202\"><a href=\"https:\/\/acrj.org.br\/index.php\/varejo_artigos\/\" class=\"elementor-item\">Artigos<\/a><\/li>\n<li class=\"menu-item menu-item-type-post_type menu-item-object-page menu-item-21201\"><a href=\"https:\/\/acrj.org.br\/index.php\/varejo_noticias\/\" class=\"elementor-item\">Not\u00edcias<\/a><\/li>\n<li class=\"menu-item menu-item-type-post_type menu-item-object-page menu-item-21185\"><a href=\"https:\/\/acrj.org.br\/index.php\/varejo-videos\/\" class=\"elementor-item\">V\u00eddeos<\/a><\/li>\n<li class=\"menu-item menu-item-type-post_type menu-item-object-page menu-item-21186\"><a href=\"https:\/\/acrj.org.br\/index.php\/conselho-empresarial-de-varejo\/\" class=\"elementor-item\">Membros<\/a><\/li>\n<\/ul>\t\t\t<\/nav>\n\t\t\t\t\t<div class=\"elementor-menu-toggle\" role=\"button\" tabindex=\"0\" aria-label=\"Alternar menu\" aria-expanded=\"false\">\n\t\t\t<i aria-hidden=\"true\" role=\"presentation\" class=\"elementor-menu-toggle__icon--open eicon-menu-bar\"><\/i><i aria-hidden=\"true\" role=\"presentation\" class=\"elementor-menu-toggle__icon--close eicon-close\"><\/i>\t\t<\/div>\n\t\t\t\t\t<nav class=\"elementor-nav-menu--dropdown elementor-nav-menu__container\" aria-hidden=\"true\">\n\t\t\t\t<ul id=\"menu-2-7f0b176\" class=\"elementor-nav-menu\"><li class=\"menu-item menu-item-type-post_type menu-item-object-page menu-item-21202\"><a href=\"https:\/\/acrj.org.br\/index.php\/varejo_artigos\/\" class=\"elementor-item\" tabindex=\"-1\">Artigos<\/a><\/li>\n<li class=\"menu-item menu-item-type-post_type menu-item-object-page menu-item-21201\"><a href=\"https:\/\/acrj.org.br\/index.php\/varejo_noticias\/\" class=\"elementor-item\" tabindex=\"-1\">Not\u00edcias<\/a><\/li>\n<li class=\"menu-item menu-item-type-post_type menu-item-object-page menu-item-21185\"><a href=\"https:\/\/acrj.org.br\/index.php\/varejo-videos\/\" class=\"elementor-item\" tabindex=\"-1\">V\u00eddeos<\/a><\/li>\n<li class=\"menu-item menu-item-type-post_type menu-item-object-page menu-item-21186\"><a href=\"https:\/\/acrj.org.br\/index.php\/conselho-empresarial-de-varejo\/\" class=\"elementor-item\" tabindex=\"-1\">Membros<\/a><\/li>\n<\/ul>\t\t\t<\/nav>\n\t\t\t\t\t\t<\/div>\n\t\t\t\t<\/div>\n\t\t\t\t\t<\/div>\n\t\t<\/div>\n\t\t\t\t\t<\/div>\n\t\t<\/section>\n\t\t\t\t<section class=\"elementor-section elementor-top-section elementor-element elementor-element-19d9508 elementor-section-boxed elementor-section-height-default elementor-section-height-default\" data-id=\"19d9508\" data-element_type=\"section\" data-e-type=\"section\">\n\t\t\t\t\t\t<div class=\"elementor-container elementor-column-gap-default\">\n\t\t\t\t\t<div class=\"elementor-column elementor-col-100 elementor-top-column elementor-element elementor-element-e44689f\" data-id=\"e44689f\" data-element_type=\"column\" data-e-type=\"column\">\n\t\t\t<div class=\"elementor-widget-wrap elementor-element-populated\">\n\t\t\t\t\t\t<div class=\"elementor-element elementor-element-ba0c62d elementor-widget elementor-widget-spacer\" data-id=\"ba0c62d\" data-element_type=\"widget\" data-e-type=\"widget\" data-widget_type=\"spacer.default\">\n\t\t\t\t<div class=\"elementor-widget-container\">\n\t\t\t\t\t\t\t<div class=\"elementor-spacer\">\n\t\t\t<div class=\"elementor-spacer-inner\"><\/div>\n\t\t<\/div>\n\t\t\t\t\t\t<\/div>\n\t\t\t\t<\/div>\n\t\t\t\t<div class=\"elementor-element elementor-element-d5a6c65 elementor-widget elementor-widget-text-editor\" data-id=\"d5a6c65\" data-element_type=\"widget\" data-e-type=\"widget\" data-widget_type=\"text-editor.default\">\n\t\t\t\t<div class=\"elementor-widget-container\">\n\t\t\t\t\t\t\t\t\t<p>\u00a0Contribuir com empresas para enfrentar os desafios do mercado varejista atrav\u00e9s do conhecimento, disponibilizando conhecimento aos empres\u00e1rios varejistas para a moderniza\u00e7\u00e3o de seus neg\u00f3cios.<\/p>\t\t\t\t\t\t\t\t<\/div>\n\t\t\t\t<\/div>\n\t\t\t\t\t<\/div>\n\t\t<\/div>\n\t\t\t\t\t<\/div>\n\t\t<\/section>\n\t\t\t\t<section class=\"elementor-section elementor-top-section elementor-element elementor-element-106907c elementor-section-boxed elementor-section-height-default elementor-section-height-default\" data-id=\"106907c\" data-element_type=\"section\" data-e-type=\"section\">\n\t\t\t\t\t\t<div class=\"elementor-container elementor-column-gap-default\">\n\t\t\t\t\t<div class=\"elementor-column elementor-col-20 elementor-top-column elementor-element elementor-element-9570341\" data-id=\"9570341\" data-element_type=\"column\" data-e-type=\"column\">\n\t\t\t<div class=\"elementor-widget-wrap\">\n\t\t\t\t\t\t\t<\/div>\n\t\t<\/div>\n\t\t\t\t<div class=\"elementor-column elementor-col-20 elementor-top-column elementor-element elementor-element-72b279e\" data-id=\"72b279e\" data-element_type=\"column\" data-e-type=\"column\">\n\t\t\t<div class=\"elementor-widget-wrap elementor-element-populated\">\n\t\t\t\t\t\t<div class=\"elementor-element elementor-element-eb8b1e1 elementor-widget__width-initial elementor-widget elementor-widget-image\" data-id=\"eb8b1e1\" data-element_type=\"widget\" data-e-type=\"widget\" data-widget_type=\"image.default\">\n\t\t\t\t<div class=\"elementor-widget-container\">\n\t\t\t\t\t\t\t\t\t\t\t\t\t\t\t<img fetchpriority=\"high\" decoding=\"async\" width=\"688\" height=\"688\" src=\"https:\/\/acrj.org.br\/wp-content\/uploads\/2023\/09\/JUEDIR-TEIXEIRA.png\" class=\"attachment-full size-full wp-image-18991\" alt=\"\" srcset=\"https:\/\/acrj.org.br\/wp-content\/uploads\/2023\/09\/JUEDIR-TEIXEIRA.png 688w, https:\/\/acrj.org.br\/wp-content\/uploads\/2023\/09\/JUEDIR-TEIXEIRA-300x300.png 300w, https:\/\/acrj.org.br\/wp-content\/uploads\/2023\/09\/JUEDIR-TEIXEIRA-100x100.png 100w, https:\/\/acrj.org.br\/wp-content\/uploads\/2023\/09\/JUEDIR-TEIXEIRA-600x600.png 600w, https:\/\/acrj.org.br\/wp-content\/uploads\/2023\/09\/JUEDIR-TEIXEIRA-150x150.png 150w, https:\/\/acrj.org.br\/wp-content\/uploads\/2023\/09\/elementor\/thumbs\/JUEDIR-TEIXEIRA-150x150.png 800w\" sizes=\"(max-width: 688px) 100vw, 688px\" \/>\t\t\t\t\t\t\t\t\t\t\t\t\t\t\t<\/div>\n\t\t\t\t<\/div>\n\t\t\t\t<div class=\"elementor-element elementor-element-a625f47 elementor-widget__width-initial elementor-absolute elementor-widget elementor-widget-image\" data-id=\"a625f47\" data-element_type=\"widget\" data-e-type=\"widget\" data-settings=\"{&quot;_position&quot;:&quot;absolute&quot;}\" data-widget_type=\"image.default\">\n\t\t\t\t<div class=\"elementor-widget-container\">\n\t\t\t\t\t\t\t\t\t\t\t\t\t\t\t<img decoding=\"async\" width=\"94\" height=\"245\" src=\"https:\/\/acrj.org.br\/wp-content\/uploads\/2020\/02\/firula1_conselho.png\" class=\"attachment-medium size-medium wp-image-268\" alt=\"\" \/>\t\t\t\t\t\t\t\t\t\t\t\t\t\t\t<\/div>\n\t\t\t\t<\/div>\n\t\t\t\t<div class=\"elementor-element elementor-element-d0546b3 elementor-absolute conselhos elementor-widget elementor-widget-text-editor\" data-id=\"d0546b3\" data-element_type=\"widget\" data-e-type=\"widget\" data-settings=\"{&quot;_position&quot;:&quot;absolute&quot;}\" data-widget_type=\"text-editor.default\">\n\t\t\t\t<div class=\"elementor-widget-container\">\n\t\t\t\t\t\t\t\t\t<h2><a href=\"https:\/\/acrj.org.br\/index.php\/2023\/07\/10\/juedir-teixeira\/\">Juedir Teixeira<\/a><\/h2><p>PRESIDENTE<\/p>\t\t\t\t\t\t\t\t<\/div>\n\t\t\t\t<\/div>\n\t\t\t\t<div class=\"elementor-element elementor-element-862f43e elementor-widget elementor-widget-spacer\" data-id=\"862f43e\" data-element_type=\"widget\" data-e-type=\"widget\" data-widget_type=\"spacer.default\">\n\t\t\t\t<div class=\"elementor-widget-container\">\n\t\t\t\t\t\t\t<div class=\"elementor-spacer\">\n\t\t\t<div class=\"elementor-spacer-inner\"><\/div>\n\t\t<\/div>\n\t\t\t\t\t\t<\/div>\n\t\t\t\t<\/div>\n\t\t\t\t\t<\/div>\n\t\t<\/div>\n\t\t\t\t<div class=\"elementor-column elementor-col-20 elementor-top-column elementor-element elementor-element-66841a6\" data-id=\"66841a6\" data-element_type=\"column\" data-e-type=\"column\">\n\t\t\t<div class=\"elementor-widget-wrap\">\n\t\t\t\t\t\t\t<\/div>\n\t\t<\/div>\n\t\t\t\t<div class=\"elementor-column elementor-col-20 elementor-top-column elementor-element elementor-element-094927d\" data-id=\"094927d\" data-element_type=\"column\" data-e-type=\"column\">\n\t\t\t<div class=\"elementor-widget-wrap elementor-element-populated\">\n\t\t\t\t\t\t<div class=\"elementor-element elementor-element-38292ca elementor-widget__width-initial elementor-widget elementor-widget-image\" data-id=\"38292ca\" data-element_type=\"widget\" data-e-type=\"widget\" data-widget_type=\"image.default\">\n\t\t\t\t<div class=\"elementor-widget-container\">\n\t\t\t\t\t\t\t\t\t\t\t\t\t\t\t<img decoding=\"async\" width=\"800\" height=\"800\" src=\"https:\/\/acrj.org.br\/wp-content\/uploads\/2026\/04\/Roberto-Mathias.png\" class=\"attachment-full size-full wp-image-42529\" alt=\"\" srcset=\"https:\/\/acrj.org.br\/wp-content\/uploads\/2026\/04\/Roberto-Mathias.png 800w, https:\/\/acrj.org.br\/wp-content\/uploads\/2026\/04\/Roberto-Mathias-300x300.png 300w, https:\/\/acrj.org.br\/wp-content\/uploads\/2026\/04\/Roberto-Mathias-150x150.png 150w, https:\/\/acrj.org.br\/wp-content\/uploads\/2026\/04\/Roberto-Mathias-768x768.png 768w\" sizes=\"(max-width: 800px) 100vw, 800px\" \/>\t\t\t\t\t\t\t\t\t\t\t\t\t\t\t<\/div>\n\t\t\t\t<\/div>\n\t\t\t\t<div class=\"elementor-element elementor-element-28afae3 elementor-widget elementor-widget-spacer\" data-id=\"28afae3\" data-element_type=\"widget\" data-e-type=\"widget\" data-widget_type=\"spacer.default\">\n\t\t\t\t<div class=\"elementor-widget-container\">\n\t\t\t\t\t\t\t<div class=\"elementor-spacer\">\n\t\t\t<div class=\"elementor-spacer-inner\"><\/div>\n\t\t<\/div>\n\t\t\t\t\t\t<\/div>\n\t\t\t\t<\/div>\n\t\t\t\t<div class=\"elementor-element elementor-element-ba4f915 elementor-absolute conselhos elementor-widget elementor-widget-text-editor\" data-id=\"ba4f915\" data-element_type=\"widget\" data-e-type=\"widget\" data-settings=\"{&quot;_position&quot;:&quot;absolute&quot;}\" data-widget_type=\"text-editor.default\">\n\t\t\t\t<div class=\"elementor-widget-container\">\n\t\t\t\t\t\t\t\t\t<h2>Roberto Werner Mathias<\/h2><p>Vice-Presidente<\/p>\t\t\t\t\t\t\t\t<\/div>\n\t\t\t\t<\/div>\n\t\t\t\t<div class=\"elementor-element elementor-element-b7c0ac4 elementor-widget__width-initial elementor-absolute elementor-widget elementor-widget-image\" data-id=\"b7c0ac4\" data-element_type=\"widget\" data-e-type=\"widget\" data-settings=\"{&quot;_position&quot;:&quot;absolute&quot;}\" data-widget_type=\"image.default\">\n\t\t\t\t<div class=\"elementor-widget-container\">\n\t\t\t\t\t\t\t\t\t\t\t\t\t\t\t<img decoding=\"async\" width=\"94\" height=\"245\" src=\"https:\/\/acrj.org.br\/wp-content\/uploads\/2020\/02\/firula1_conselho.png\" class=\"attachment-medium size-medium wp-image-268\" alt=\"\" \/>\t\t\t\t\t\t\t\t\t\t\t\t\t\t\t<\/div>\n\t\t\t\t<\/div>\n\t\t\t\t\t<\/div>\n\t\t<\/div>\n\t\t\t\t<div class=\"elementor-column elementor-col-20 elementor-top-column elementor-element elementor-element-7d1992e\" data-id=\"7d1992e\" data-element_type=\"column\" data-e-type=\"column\">\n\t\t\t<div class=\"elementor-widget-wrap\">\n\t\t\t\t\t\t\t<\/div>\n\t\t<\/div>\n\t\t\t\t\t<\/div>\n\t\t<\/section>\n\t\t\t\t<section class=\"elementor-section elementor-top-section elementor-element elementor-element-1972891 elementor-section-boxed elementor-section-height-default elementor-section-height-default\" data-id=\"1972891\" data-element_type=\"section\" data-e-type=\"section\">\n\t\t\t\t\t\t<div class=\"elementor-container elementor-column-gap-default\">\n\t\t\t\t\t<div class=\"elementor-column elementor-col-100 elementor-top-column elementor-element elementor-element-62b3f0a\" data-id=\"62b3f0a\" data-element_type=\"column\" data-e-type=\"column\">\n\t\t\t<div class=\"elementor-widget-wrap elementor-element-populated\">\n\t\t\t\t\t\t<div class=\"elementor-element elementor-element-e5c1293 elementor-widget elementor-widget-heading\" data-id=\"e5c1293\" data-element_type=\"widget\" data-e-type=\"widget\" data-widget_type=\"heading.default\">\n\t\t\t\t<div class=\"elementor-widget-container\">\n\t\t\t\t\t<h2 class=\"elementor-heading-title elementor-size-default\">MEMBROS DO CONSELHO<\/h2>\t\t\t\t<\/div>\n\t\t\t\t<\/div>\n\t\t\t\t<div class=\"elementor-element elementor-element-fa4f26f membros elementor-widget elementor-widget-text-editor\" data-id=\"fa4f26f\" data-element_type=\"widget\" data-e-type=\"widget\" data-widget_type=\"text-editor.default\">\n\t\t\t\t<div class=\"elementor-widget-container\">\n\t\t\t\t\t\t\t\t\t<p><a href=\"https:\/\/acrj.org.br\/index.php\/2023\/07\/26\/allan-miranda\/\">Allan Halabi Miranda<\/a><\/p><p>Ana Cristina Carvalho de\u00a0Oliveira<\/p><p>Andr\u00e9 Luis Soares Pereira<\/p><p><a href=\"https:\/\/acrj.org.br\/index.php\/2023\/07\/10\/andre-haddad\/\">Andr\u00e9 Macedo Haddad<\/a><\/p><p>Antoane Hang Corr\u00eaa<\/p><p><a href=\"https:\/\/acrj.org.br\/index.php\/2023\/07\/10\/antonio-lucio\/\">Antonio Lucio<\/a><\/p><p>Armando Ahmed<\/p><p><a href=\"https:\/\/acrj.org.br\/index.php\/2023\/07\/10\/borgopio-doliveira\/\">Borg\u00f3pio D Oliveira<\/a><\/p><p>Bruno Ferreira Moreira<\/p><p>Cristiana Aguiar<\/p><p>Daniel Otto\u00a0Strongin<\/p><p>F\u00e1bio Andr\u00e9 Rezende de Moraes<\/p><p>Felipe Pereira Coelho<\/p><p><a href=\"https:\/\/acrj.org.br\/index.php\/2023\/07\/10\/fernando-blower\/\">Fernando Hermont Blower Passos<\/a><\/p><p>Fernando Potsch<\/p><p>Filipe Barbosa Pereira<\/p><p><a href=\"https:\/\/acrj.org.br\/index.php\/2023\/07\/11\/frederico-derzie-luz\/\">Frederico Derzie Luz<\/a><\/p><p>Guilherme Abreu Monnerat Solon de Pontes<\/p><p>Gustavo\u00a0Louro<\/p><p>Helio Katz<\/p><p>Jaime Pfaltzgraff\u00a0Ribeiro<\/p><p><a href=\"https:\/\/acrj.org.br\/index.php\/2024\/02\/19\/joao-vitor-de-carvalho-mendonca\/\">Jo\u00e3o Vitor de Carvalho Mendon\u00e7a<\/a><\/p><p><a href=\"https:\/\/acrj.org.br\/index.php\/2023\/07\/10\/jose-renato\/\">Jos\u00e9 Renato de Miranda<\/a><\/p><p>Leonardo Vinicius Silva de Medeiros<\/p><p>Luane de\u00a0Mello\u00a0Tavares<\/p><p><a href=\"https:\/\/acrj.org.br\/index.php\/2023\/07\/10\/luis-carlos-marins\/\">Lu\u00eds Carlos Caspary Marins<\/a><\/p><p>Luis Felipe\u00a0Di\u00a0Mare\u00a0Salles<\/p><p><a href=\"https:\/\/acrj.org.br\/index.php\/2023\/07\/10\/luis-jairo\/\">Luis Jairo de Souza Junior<\/a><\/p><p>Luiz\u00a0Gustavo\u00a0Coppola<\/p><p>Marcos Vinicius Santos<\/p><p>M\u00e1rio Pereira Lopes<\/p><p>Maur\u00edcio Vicente Gon\u00e7alves Cabral<\/p><p>Mauro Wainstock<\/p><p>Renata Rodrigues Moitinho<\/p><p>Roberto Werner Mathias<\/p><p>Rodrigo Vaz de Carvalho<\/p><p>Victor Rocha<\/p><p><a href=\"https:\/\/acrj.org.br\/index.php\/2023\/08\/22\/walquyria-majeveski\/\">Walquyria Aparecida Majeveski<\/a><\/p><p>Walter Cabral dos Santos Filho<\/p>\t\t\t\t\t\t\t\t<\/div>\n\t\t\t\t<\/div>\n\t\t\t\t\t<\/div>\n\t\t<\/div>\n\t\t\t\t\t<\/div>\n\t\t<\/section>\n\t\t\t\t<\/div>\n\t\t","protected":false},"excerpt":{"rendered":"<p>\u00a0Contribuir com empresas para enfrentar os desafios do mercado varejista atrav\u00e9s do conhecimento, disponibilizando conhecimento aos empres\u00e1rios varejistas para a moderniza\u00e7\u00e3o de seus neg\u00f3cios. Juedir&hellip;<\/p>\n","protected":false},"author":9,"featured_media":0,"parent":0,"menu_order":0,"comment_status":"closed","ping_status":"closed","template":"","meta":{"_exactmetrics_skip_tracking":false,"_exactmetrics_sitenote_active":false,"_exactmetrics_sitenote_note":"","_exactmetrics_sitenote_category":0,"footnotes":""},"class_list":["post-16750","page","type-page","status-publish","hentry"],"_links":{"self":[{"href":"https:\/\/acrj.org.br\/index.php\/wp-json\/wp\/v2\/pages\/16750","targetHints":{"allow":["GET"]}}],"collection":[{"href":"https:\/\/acrj.org.br\/index.php\/wp-json\/wp\/v2\/pages"}],"about":[{"href":"https:\/\/acrj.org.br\/index.php\/wp-json\/wp\/v2\/types\/page"}],"author":[{"embeddable":true,"href":"https:\/\/acrj.org.br\/index.php\/wp-json\/wp\/v2\/users\/9"}],"replies":[{"embeddable":true,"href":"https:\/\/acrj.org.br\/index.php\/wp-json\/wp\/v2\/comments?post=16750"}],"version-history":[{"count":18,"href":"https:\/\/acrj.org.br\/index.php\/wp-json\/wp\/v2\/pages\/16750\/revisions"}],"predecessor-version":[{"id":42532,"href":"https:\/\/acrj.org.br\/index.php\/wp-json\/wp\/v2\/pages\/16750\/revisions\/42532"}],"wp:attachment":[{"href":"https:\/\/acrj.org.br\/index.php\/wp-json\/wp\/v2\/media?parent=16750"}],"curies":[{"name":"wp","href":"https:\/\/api.w.org\/{rel}","templated":true}]}}